{"id":1196,"date":"2025-09-09T21:12:46","date_gmt":"2025-09-09T21:12:46","guid":{"rendered":"http:\/\/test.rcl.pt\/?page_id=1196"},"modified":"2025-09-19T15:01:16","modified_gmt":"2025-09-19T15:01:16","slug":"fonte-ornamental","status":"publish","type":"page","link":"https:\/\/rcl.pt\/es\/fonte-ornamental\/","title":{"rendered":"Fuente ornamental"},"content":{"rendered":"\t\t<div data-elementor-type=\"wp-page\" data-elementor-id=\"1196\" class=\"elementor elementor-1196\" data-elementor-post-type=\"page\">\n\t\t\t\t<div class=\"elementor-element elementor-element-1b57e4c1 e-con-full e-flex e-con e-parent\" data-id=\"1b57e4c1\" data-element_type=\"container\" data-e-type=\"container\" data-settings=\"{&quot;background_background&quot;:&quot;gradient&quot;,&quot;background_motion_fx_motion_fx_scrolling&quot;:&quot;yes&quot;,&quot;background_motion_fx_translateX_effect&quot;:&quot;yes&quot;,&quot;background_motion_fx_translateX_speed&quot;:{&quot;unit&quot;:&quot;px&quot;,&quot;size&quot;:6.5,&quot;sizes&quot;:[]},&quot;background_motion_fx_translateX_affectedRange&quot;:{&quot;unit&quot;:&quot;%&quot;,&quot;size&quot;:&quot;&quot;,&quot;sizes&quot;:{&quot;start&quot;:0,&quot;end&quot;:100}},&quot;background_motion_fx_devices&quot;:[&quot;desktop&quot;,&quot;laptop&quot;,&quot;tablet&quot;,&quot;mobile&quot;]}\">\n\t\t<div class=\"elementor-element elementor-element-23e08380 e-flex e-con-boxed elementor-invisible e-con e-child\" data-id=\"23e08380\" data-element_type=\"container\" data-e-type=\"container\" data-settings=\"{&quot;animation&quot;:&quot;slideInUp&quot;,&quot;animation_delay&quot;:150}\">\n\t\t\t\t\t<div class=\"e-con-inner\">\n\t\t\t\t<div class=\"elementor-element elementor-element-5fac7fd4 elementor-widget__width-initial elementor-widget elementor-widget-elementskit-heading\" data-id=\"5fac7fd4\" data-element_type=\"widget\" data-e-type=\"widget\" data-widget_type=\"elementskit-heading.default\">\n\t\t\t\t\t<div class=\"ekit-wid-con\" ><div class=\"ekit-heading elementskit-section-title-wraper text_left   ekit_heading_tablet-   ekit_heading_mobile-\"><h2 class=\"ekit-heading--title elementskit-section-title text_fill\">Fonte ornamental<\/h2>\t\t\t\t<div class='ekit-heading__description'>\n\t\t\t\t\t<p><span style=\"font-weight: 400\">Fonte ornamental alimentada por sistema solar h\u00edbrido, funcionando exclusivamente em modo solar durante o dia. Instala\u00e7\u00e3o no Paquist\u00e3o.<\/span><\/p>\n\t\t\t\t<\/div>\n\t\t\t<\/div><\/div>\t\t\t\t<\/div>\n\t\t\t\t\t<\/div>\n\t\t\t\t<\/div>\n\t\t\t\t<\/div>\n\t\t<div class=\"elementor-element elementor-element-246eee7a e-flex e-con-boxed e-con e-parent\" data-id=\"246eee7a\" data-element_type=\"container\" data-e-type=\"container\">\n\t\t\t\t\t<div class=\"e-con-inner\">\n\t\t<div class=\"elementor-element elementor-element-6d41e04c e-con-full e-flex e-con e-child\" data-id=\"6d41e04c\" data-element_type=\"container\" data-e-type=\"container\">\n\t\t\t\t<div class=\"elementor-element elementor-element-3e26247 elementor-widget elementor-widget-elementskit-heading\" data-id=\"3e26247\" data-element_type=\"widget\" data-e-type=\"widget\" data-widget_type=\"elementskit-heading.default\">\n\t\t\t\t\t<div class=\"ekit-wid-con\" ><div class=\"ekit-heading elementskit-section-title-wraper text_left   ekit_heading_tablet-   ekit_heading_mobile-\"><h2 class=\"ekit-heading--title elementskit-section-title text_fill\"><span><span>Descri\u00e7\u00e3o<\/span><\/span> do projeto<\/h2><\/div><\/div>\t\t\t\t<\/div>\n\t\t\t\t<div class=\"elementor-element elementor-element-1159c010 elementor-widget elementor-widget-text-editor\" data-id=\"1159c010\" data-element_type=\"widget\" data-e-type=\"widget\" data-widget_type=\"text-editor.default\">\n\t\t\t\t\t\t\t\t\t<p class=\"p1\">A fonte ornamental instalada no Paquist\u00e3o representa um marco na utiliza\u00e7\u00e3o de <span class=\"s1\"><b>tecnologias h\u00edbridas solares<\/b><\/span> para fins decorativos e urbanos.<\/p><p class=\"p1\">O sistema foi projetado para operar <span class=\"s1\"><b>exclusivamente com energia solar durante o dia<\/b><\/span>, garantindo sustentabilidade, autonomia e redu\u00e7\u00e3o de custos energ\u00e9ticos.<\/p><p class=\"p1\">Durante a noite, o sistema mant\u00e9m opera\u00e7\u00e3o atrav\u00e9s do modo h\u00edbrido, assegurando um espet\u00e1culo cont\u00ednuo de \u00e1gua e luz, sem interrup\u00e7\u00f5es.<\/p><p class=\"p1\">Este projeto refor\u00e7a o compromisso da <span class=\"s1\"><b>RCL \u2013 Well Pumps Portugal<\/b><\/span> com solu\u00e7\u00f5es inovadoras que aliam <span class=\"s1\"><b>efici\u00eancia energ\u00e9tica, sustentabilidade e impacto visual<\/b><\/span> em ambientes p\u00fablicos.<\/p>\t\t\t\t\t\t\t\t<\/div>\n\t\t\t\t<\/div>\n\t\t<div class=\"elementor-element elementor-element-e20a121 e-con-full e-flex e-con e-child\" data-id=\"e20a121\" data-element_type=\"container\" data-e-type=\"container\">\n\t\t\t\t<div class=\"elementor-element elementor-element-e49d41c elementor-widget elementor-widget-elementskit-heading\" data-id=\"e49d41c\" data-element_type=\"widget\" data-e-type=\"widget\" data-widget_type=\"elementskit-heading.default\">\n\t\t\t\t\t<div class=\"ekit-wid-con\" ><div class=\"ekit-heading elementskit-section-title-wraper text_left   ekit_heading_tablet-   ekit_heading_mobile-\"><h2 class=\"ekit-heading--title elementskit-section-title text_fill\">Resultados <span><span>alcan\u00e7ados<\/span><\/span>:<\/h2><\/div><\/div>\t\t\t\t<\/div>\n\t\t\t\t<div class=\"elementor-element elementor-element-9e60b93 elementor-widget elementor-widget-text-editor\" data-id=\"9e60b93\" data-element_type=\"widget\" data-e-type=\"widget\" data-widget_type=\"text-editor.default\">\n\t\t\t\t\t\t\t\t\t<ul><li><p class=\"p1\">Opera\u00e7\u00e3o 100% solar durante o dia, sem consumo de energia da rede.<\/p><\/li><li><p class=\"p1\">Redu\u00e7\u00e3o significativa da pegada de carbono e dos custos de manuten\u00e7\u00e3o.<\/p><\/li><li><p class=\"p1\">Espet\u00e1culo visual noturno com jatos de \u00e1gua iluminados por luzes LED.<\/p><\/li><li><p class=\"p1\">Integra\u00e7\u00e3o urbana com valoriza\u00e7\u00e3o do espa\u00e7o p\u00fablico e aumento do turismo local.<\/p><\/li><li><p class=\"p1\">Fiabilidade comprovada em ambientes de elevada exig\u00eancia clim\u00e1tica.<\/p><\/li><\/ul>\t\t\t\t\t\t\t\t<\/div>\n\t\t\t\t<\/div>\n\t\t<div class=\"elementor-element elementor-element-12a8665b e-con-full e-flex e-con e-child\" data-id=\"12a8665b\" data-element_type=\"container\" data-e-type=\"container\">\n\t\t\t\t<div class=\"elementor-element elementor-element-5e4f55b1 gallery-spacing-custom elementor-widget elementor-widget-image-gallery\" data-id=\"5e4f55b1\" data-element_type=\"widget\" data-e-type=\"widget\" data-widget_type=\"image-gallery.default\">\n\t\t\t\t\t\t\t<div class=\"elementor-image-gallery\">\n\t\t\t<div id='gallery-1' class='gallery galleryid-1196 gallery-columns-2 gallery-size-full'><figure class='gallery-item'>\n\t\t\t<div class='gallery-icon portrait'>\n\t\t\t\t<a data-elementor-open-lightbox=\"yes\" data-elementor-lightbox-slideshow=\"5e4f55b1\" data-elementor-lightbox-title=\"_DSC4489\" data-e-action-hash=\"#elementor-action%3Aaction%3Dlightbox%26settings%3DeyJpZCI6MTIwMSwidXJsIjoiaHR0cHM6XC9cL3JjbC5wdFwvd3AtY29udGVudFwvdXBsb2Fkc1wvMjAyNVwvMDlcL0RTQzQ0ODktc2NhbGVkLndlYnAiLCJzbGlkZXNob3ciOiI1ZTRmNTViMSJ9\" href='https:\/\/rcl.pt\/wp-content\/uploads\/2025\/09\/DSC4489-scaled.webp'><img fetchpriority=\"high\" decoding=\"async\" width=\"1922\" height=\"2560\" src=\"https:\/\/rcl.pt\/wp-content\/uploads\/2025\/09\/DSC4489-scaled.webp\" class=\"attachment-full size-full\" alt=\"\" srcset=\"https:\/\/rcl.pt\/wp-content\/uploads\/2025\/09\/DSC4489-scaled.webp 1922w, https:\/\/rcl.pt\/wp-content\/uploads\/2025\/09\/DSC4489-225x300.webp 225w, https:\/\/rcl.pt\/wp-content\/uploads\/2025\/09\/DSC4489-769x1024.webp 769w, https:\/\/rcl.pt\/wp-content\/uploads\/2025\/09\/DSC4489-768x1023.webp 768w, https:\/\/rcl.pt\/wp-content\/uploads\/2025\/09\/DSC4489-1153x1536.webp 1153w, https:\/\/rcl.pt\/wp-content\/uploads\/2025\/09\/DSC4489-1538x2048.webp 1538w\" sizes=\"(max-width: 1922px) 100vw, 1922px\" \/><\/a>\n\t\t\t<\/div><\/figure><figure class='gallery-item'>\n\t\t\t<div class='gallery-icon landscape'>\n\t\t\t\t<a data-elementor-open-lightbox=\"yes\" data-elementor-lightbox-slideshow=\"5e4f55b1\" data-elementor-lightbox-title=\"_DSC4532-Pano-Edit-2\" data-e-action-hash=\"#elementor-action%3Aaction%3Dlightbox%26settings%3DeyJpZCI6MTIwMiwidXJsIjoiaHR0cHM6XC9cL3JjbC5wdFwvd3AtY29udGVudFwvdXBsb2Fkc1wvMjAyNVwvMDlcL0RTQzQ1MzItUGFuby1FZGl0LTIud2VicCIsInNsaWRlc2hvdyI6IjVlNGY1NWIxIn0%3D\" href='https:\/\/rcl.pt\/wp-content\/uploads\/2025\/09\/DSC4532-Pano-Edit-2.webp'><img decoding=\"async\" width=\"1536\" height=\"1214\" src=\"https:\/\/rcl.pt\/wp-content\/uploads\/2025\/09\/DSC4532-Pano-Edit-2.webp\" class=\"attachment-full size-full\" alt=\"\" srcset=\"https:\/\/rcl.pt\/wp-content\/uploads\/2025\/09\/DSC4532-Pano-Edit-2.webp 1536w, https:\/\/rcl.pt\/wp-content\/uploads\/2025\/09\/DSC4532-Pano-Edit-2-300x237.webp 300w, https:\/\/rcl.pt\/wp-content\/uploads\/2025\/09\/DSC4532-Pano-Edit-2-1024x809.webp 1024w, https:\/\/rcl.pt\/wp-content\/uploads\/2025\/09\/DSC4532-Pano-Edit-2-768x607.webp 768w\" sizes=\"(max-width: 1536px) 100vw, 1536px\" \/><\/a>\n\t\t\t<\/div><\/figure><figure class='gallery-item'>\n\t\t\t<div class='gallery-icon landscape'>\n\t\t\t\t<a data-elementor-open-lightbox=\"yes\" data-elementor-lightbox-slideshow=\"5e4f55b1\" data-elementor-lightbox-title=\"_DSC4730-Pano\" data-e-action-hash=\"#elementor-action%3Aaction%3Dlightbox%26settings%3DeyJpZCI6MTIwMywidXJsIjoiaHR0cHM6XC9cL3JjbC5wdFwvd3AtY29udGVudFwvdXBsb2Fkc1wvMjAyNVwvMDlcL0RTQzQ3MzAtUGFuby0xLndlYnAiLCJzbGlkZXNob3ciOiI1ZTRmNTViMSJ9\" href='https:\/\/rcl.pt\/wp-content\/uploads\/2025\/09\/DSC4730-Pano-1.webp'><img decoding=\"async\" width=\"1536\" height=\"1011\" src=\"https:\/\/rcl.pt\/wp-content\/uploads\/2025\/09\/DSC4730-Pano-1.webp\" class=\"attachment-full size-full\" alt=\"\" srcset=\"https:\/\/rcl.pt\/wp-content\/uploads\/2025\/09\/DSC4730-Pano-1.webp 1536w, https:\/\/rcl.pt\/wp-content\/uploads\/2025\/09\/DSC4730-Pano-1-300x197.webp 300w, https:\/\/rcl.pt\/wp-content\/uploads\/2025\/09\/DSC4730-Pano-1-1024x674.webp 1024w, https:\/\/rcl.pt\/wp-content\/uploads\/2025\/09\/DSC4730-Pano-1-768x506.webp 768w\" sizes=\"(max-width: 1536px) 100vw, 1536px\" \/><\/a>\n\t\t\t<\/div><\/figure><figure class='gallery-item'>\n\t\t\t<div class='gallery-icon landscape'>\n\t\t\t\t<a data-elementor-open-lightbox=\"yes\" data-elementor-lightbox-slideshow=\"5e4f55b1\" data-elementor-lightbox-title=\"_DSC4804 rework\" data-e-action-hash=\"#elementor-action%3Aaction%3Dlightbox%26settings%3DeyJpZCI6MTIwNCwidXJsIjoiaHR0cHM6XC9cL3JjbC5wdFwvd3AtY29udGVudFwvdXBsb2Fkc1wvMjAyNVwvMDlcL0RTQzQ4MDQtcmV3b3JrLndlYnAiLCJzbGlkZXNob3ciOiI1ZTRmNTViMSJ9\" href='https:\/\/rcl.pt\/wp-content\/uploads\/2025\/09\/DSC4804-rework.webp'><img loading=\"lazy\" decoding=\"async\" width=\"1536\" height=\"1461\" src=\"https:\/\/rcl.pt\/wp-content\/uploads\/2025\/09\/DSC4804-rework.webp\" class=\"attachment-full size-full\" alt=\"\" srcset=\"https:\/\/rcl.pt\/wp-content\/uploads\/2025\/09\/DSC4804-rework.webp 1536w, https:\/\/rcl.pt\/wp-content\/uploads\/2025\/09\/DSC4804-rework-300x285.webp 300w, https:\/\/rcl.pt\/wp-content\/uploads\/2025\/09\/DSC4804-rework-1024x974.webp 1024w, https:\/\/rcl.pt\/wp-content\/uploads\/2025\/09\/DSC4804-rework-768x731.webp 768w\" sizes=\"(max-width: 1536px) 100vw, 1536px\" \/><\/a>\n\t\t\t<\/div><\/figure><figure class='gallery-item'>\n\t\t\t<div class='gallery-icon landscape'>\n\t\t\t\t<a data-elementor-open-lightbox=\"yes\" data-elementor-lightbox-slideshow=\"5e4f55b1\" data-elementor-lightbox-title=\"_DSC4954\" data-e-action-hash=\"#elementor-action%3Aaction%3Dlightbox%26settings%3DeyJpZCI6MTIwNSwidXJsIjoiaHR0cHM6XC9cL3JjbC5wdFwvd3AtY29udGVudFwvdXBsb2Fkc1wvMjAyNVwvMDlcL0RTQzQ5NTQud2VicCIsInNsaWRlc2hvdyI6IjVlNGY1NWIxIn0%3D\" href='https:\/\/rcl.pt\/wp-content\/uploads\/2025\/09\/DSC4954.webp'><img loading=\"lazy\" decoding=\"async\" width=\"1536\" height=\"1040\" src=\"https:\/\/rcl.pt\/wp-content\/uploads\/2025\/09\/DSC4954.webp\" class=\"attachment-full size-full\" alt=\"\" srcset=\"https:\/\/rcl.pt\/wp-content\/uploads\/2025\/09\/DSC4954.webp 1536w, https:\/\/rcl.pt\/wp-content\/uploads\/2025\/09\/DSC4954-300x203.webp 300w, https:\/\/rcl.pt\/wp-content\/uploads\/2025\/09\/DSC4954-1024x693.webp 1024w, https:\/\/rcl.pt\/wp-content\/uploads\/2025\/09\/DSC4954-768x520.webp 768w\" sizes=\"(max-width: 1536px) 100vw, 1536px\" \/><\/a>\n\t\t\t<\/div><\/figure><figure class='gallery-item'>\n\t\t\t<div class='gallery-icon landscape'>\n\t\t\t\t<a data-elementor-open-lightbox=\"yes\" data-elementor-lightbox-slideshow=\"5e4f55b1\" data-elementor-lightbox-title=\"_DSC5051\" data-e-action-hash=\"#elementor-action%3Aaction%3Dlightbox%26settings%3DeyJpZCI6MTIwNywidXJsIjoiaHR0cHM6XC9cL3JjbC5wdFwvd3AtY29udGVudFwvdXBsb2Fkc1wvMjAyNVwvMDlcL0RTQzUwNTEud2VicCIsInNsaWRlc2hvdyI6IjVlNGY1NWIxIn0%3D\" href='https:\/\/rcl.pt\/wp-content\/uploads\/2025\/09\/DSC5051.webp'><img loading=\"lazy\" decoding=\"async\" width=\"1536\" height=\"1025\" src=\"https:\/\/rcl.pt\/wp-content\/uploads\/2025\/09\/DSC5051.webp\" class=\"attachment-full size-full\" alt=\"\" srcset=\"https:\/\/rcl.pt\/wp-content\/uploads\/2025\/09\/DSC5051.webp 1536w, https:\/\/rcl.pt\/wp-content\/uploads\/2025\/09\/DSC5051-300x200.webp 300w, https:\/\/rcl.pt\/wp-content\/uploads\/2025\/09\/DSC5051-1024x683.webp 1024w, https:\/\/rcl.pt\/wp-content\/uploads\/2025\/09\/DSC5051-768x513.webp 768w\" sizes=\"(max-width: 1536px) 100vw, 1536px\" \/><\/a>\n\t\t\t<\/div><\/figure><figure class='gallery-item'>\n\t\t\t<div class='gallery-icon landscape'>\n\t\t\t\t<a data-elementor-open-lightbox=\"yes\" data-elementor-lightbox-slideshow=\"5e4f55b1\" data-elementor-lightbox-title=\"_DSC5080\" data-e-action-hash=\"#elementor-action%3Aaction%3Dlightbox%26settings%3DeyJpZCI6MTIwOCwidXJsIjoiaHR0cHM6XC9cL3JjbC5wdFwvd3AtY29udGVudFwvdXBsb2Fkc1wvMjAyNVwvMDlcL0RTQzUwODAud2VicCIsInNsaWRlc2hvdyI6IjVlNGY1NWIxIn0%3D\" href='https:\/\/rcl.pt\/wp-content\/uploads\/2025\/09\/DSC5080.webp'><img loading=\"lazy\" decoding=\"async\" width=\"1536\" height=\"1025\" src=\"https:\/\/rcl.pt\/wp-content\/uploads\/2025\/09\/DSC5080.webp\" class=\"attachment-full size-full\" alt=\"\" srcset=\"https:\/\/rcl.pt\/wp-content\/uploads\/2025\/09\/DSC5080.webp 1536w, https:\/\/rcl.pt\/wp-content\/uploads\/2025\/09\/DSC5080-300x200.webp 300w, https:\/\/rcl.pt\/wp-content\/uploads\/2025\/09\/DSC5080-1024x683.webp 1024w, https:\/\/rcl.pt\/wp-content\/uploads\/2025\/09\/DSC5080-768x513.webp 768w\" sizes=\"(max-width: 1536px) 100vw, 1536px\" \/><\/a>\n\t\t\t<\/div><\/figure><figure class='gallery-item'>\n\t\t\t<div class='gallery-icon landscape'>\n\t\t\t\t<a data-elementor-open-lightbox=\"yes\" data-elementor-lightbox-slideshow=\"5e4f55b1\" data-elementor-lightbox-title=\"WhatsApp Image 2021-03-21 at 14.19.33\" data-e-action-hash=\"#elementor-action%3Aaction%3Dlightbox%26settings%3DeyJpZCI6MTIwOSwidXJsIjoiaHR0cHM6XC9cL3JjbC5wdFwvd3AtY29udGVudFwvdXBsb2Fkc1wvMjAyNVwvMDlcL1doYXRzQXBwLUltYWdlLTIwMjEtMDMtMjEtYXQtMTQuMTkuMzMud2VicCIsInNsaWRlc2hvdyI6IjVlNGY1NWIxIn0%3D\" href='https:\/\/rcl.pt\/wp-content\/uploads\/2025\/09\/WhatsApp-Image-2021-03-21-at-14.19.33.webp'><img loading=\"lazy\" decoding=\"async\" width=\"1280\" height=\"854\" src=\"https:\/\/rcl.pt\/wp-content\/uploads\/2025\/09\/WhatsApp-Image-2021-03-21-at-14.19.33.webp\" class=\"attachment-full size-full\" alt=\"\" srcset=\"https:\/\/rcl.pt\/wp-content\/uploads\/2025\/09\/WhatsApp-Image-2021-03-21-at-14.19.33.webp 1280w, https:\/\/rcl.pt\/wp-content\/uploads\/2025\/09\/WhatsApp-Image-2021-03-21-at-14.19.33-300x200.webp 300w, https:\/\/rcl.pt\/wp-content\/uploads\/2025\/09\/WhatsApp-Image-2021-03-21-at-14.19.33-1024x683.webp 1024w, https:\/\/rcl.pt\/wp-content\/uploads\/2025\/09\/WhatsApp-Image-2021-03-21-at-14.19.33-768x512.webp 768w\" sizes=\"(max-width: 1280px) 100vw, 1280px\" \/><\/a>\n\t\t\t<\/div><\/figure>\n\t\t<\/div>\n\t\t<\/div>\n\t\t\t\t\t\t<\/div>\n\t\t\t\t<\/div>\n\t\t\t\t\t<\/div>\n\t\t\t\t<\/div>\n\t\t\t\t<\/div>\n\t\t","protected":false},"excerpt":{"rendered":"<p>Fonte ornamental Fonte ornamental alimentada por sistema solar h\u00edbrido, funcionando exclusivamente em modo solar durante o dia. Instala\u00e7\u00e3o no Paquist\u00e3o. Descri\u00e7\u00e3o do projeto A fonte ornamental instalada no Paquist\u00e3o representa um marco na utiliza\u00e7\u00e3o de tecnologias h\u00edbridas solares para fins decorativos e urbanos. O sistema foi projetado para operar exclusivamente com energia solar durante o [&hellip;]<\/p>\n","protected":false},"author":1,"featured_media":0,"parent":0,"menu_order":0,"comment_status":"closed","ping_status":"closed","template":"elementor_header_footer","meta":{"footnotes":""},"class_list":["post-1196","page","type-page","status-publish","hentry"],"_links":{"self":[{"href":"https:\/\/rcl.pt\/es\/wp-json\/wp\/v2\/pages\/1196","targetHints":{"allow":["GET"]}}],"collection":[{"href":"https:\/\/rcl.pt\/es\/wp-json\/wp\/v2\/pages"}],"about":[{"href":"https:\/\/rcl.pt\/es\/wp-json\/wp\/v2\/types\/page"}],"author":[{"embeddable":true,"href":"https:\/\/rcl.pt\/es\/wp-json\/wp\/v2\/users\/1"}],"replies":[{"embeddable":true,"href":"https:\/\/rcl.pt\/es\/wp-json\/wp\/v2\/comments?post=1196"}],"version-history":[{"count":18,"href":"https:\/\/rcl.pt\/es\/wp-json\/wp\/v2\/pages\/1196\/revisions"}],"predecessor-version":[{"id":1528,"href":"https:\/\/rcl.pt\/es\/wp-json\/wp\/v2\/pages\/1196\/revisions\/1528"}],"wp:attachment":[{"href":"https:\/\/rcl.pt\/es\/wp-json\/wp\/v2\/media?parent=1196"}],"curies":[{"name":"wp","href":"https:\/\/api.w.org\/{rel}","templated":true}]}}