{"id":1151,"date":"2025-09-09T18:43:31","date_gmt":"2025-09-09T18:43:31","guid":{"rendered":"http:\/\/test.rcl.pt\/?page_id=1151"},"modified":"2025-09-16T11:16:08","modified_gmt":"2025-09-16T11:16:08","slug":"drinking-water-project","status":"publish","type":"page","link":"https:\/\/rcl.pt\/es\/drinking-water-project\/","title":{"rendered":"Proyecto de agua potable"},"content":{"rendered":"\t\t<div data-elementor-type=\"wp-page\" data-elementor-id=\"1151\" class=\"elementor elementor-1151\" data-elementor-post-type=\"page\">\n\t\t\t\t<div class=\"elementor-element elementor-element-1b57e4c1 e-con-full e-flex e-con e-parent\" data-id=\"1b57e4c1\" data-element_type=\"container\" data-e-type=\"container\" data-settings=\"{&quot;background_background&quot;:&quot;gradient&quot;,&quot;background_motion_fx_motion_fx_scrolling&quot;:&quot;yes&quot;,&quot;background_motion_fx_translateX_effect&quot;:&quot;yes&quot;,&quot;background_motion_fx_translateX_speed&quot;:{&quot;unit&quot;:&quot;px&quot;,&quot;size&quot;:6.5,&quot;sizes&quot;:[]},&quot;background_motion_fx_translateX_affectedRange&quot;:{&quot;unit&quot;:&quot;%&quot;,&quot;size&quot;:&quot;&quot;,&quot;sizes&quot;:{&quot;start&quot;:0,&quot;end&quot;:100}},&quot;background_motion_fx_devices&quot;:[&quot;desktop&quot;,&quot;laptop&quot;,&quot;tablet&quot;,&quot;mobile&quot;]}\">\n\t\t<div class=\"elementor-element elementor-element-23e08380 e-flex e-con-boxed elementor-invisible e-con e-child\" data-id=\"23e08380\" data-element_type=\"container\" data-e-type=\"container\" data-settings=\"{&quot;animation&quot;:&quot;slideInUp&quot;,&quot;animation_delay&quot;:150}\">\n\t\t\t\t\t<div class=\"e-con-inner\">\n\t\t\t\t<div class=\"elementor-element elementor-element-5fac7fd4 elementor-widget__width-initial elementor-widget elementor-widget-elementskit-heading\" data-id=\"5fac7fd4\" data-element_type=\"widget\" data-e-type=\"widget\" data-widget_type=\"elementskit-heading.default\">\n\t\t\t\t\t<div class=\"ekit-wid-con\" ><div class=\"ekit-heading elementskit-section-title-wraper text_left   ekit_heading_tablet-   ekit_heading_mobile-\"><h2 class=\"ekit-heading--title elementskit-section-title text_fill\">Drinking Water<\/h2>\t\t\t\t<div class='ekit-heading__description'>\n\t\t\t\t\t<p><span style=\"font-weight: 400\">Sistema de bombagem solar para abastecimento da popula\u00e7\u00e3o no Sud\u00e3o.<\/span><\/p>\n\t\t\t\t<\/div>\n\t\t\t<\/div><\/div>\t\t\t\t<\/div>\n\t\t\t\t\t<\/div>\n\t\t\t\t<\/div>\n\t\t\t\t<\/div>\n\t\t<div class=\"elementor-element elementor-element-246eee7a e-flex e-con-boxed e-con e-parent\" data-id=\"246eee7a\" data-element_type=\"container\" data-e-type=\"container\">\n\t\t\t\t\t<div class=\"e-con-inner\">\n\t\t<div class=\"elementor-element elementor-element-6d41e04c e-con-full e-flex e-con e-child\" data-id=\"6d41e04c\" data-element_type=\"container\" data-e-type=\"container\">\n\t\t\t\t<div class=\"elementor-element elementor-element-3e26247 elementor-widget elementor-widget-elementskit-heading\" data-id=\"3e26247\" data-element_type=\"widget\" data-e-type=\"widget\" data-widget_type=\"elementskit-heading.default\">\n\t\t\t\t\t<div class=\"ekit-wid-con\" ><div class=\"ekit-heading elementskit-section-title-wraper text_left   ekit_heading_tablet-   ekit_heading_mobile-\"><h2 class=\"ekit-heading--title elementskit-section-title text_fill\"><span><span>Descri\u00e7\u00e3o<\/span><\/span> do projeto<\/h2><\/div><\/div>\t\t\t\t<\/div>\n\t\t\t\t<div class=\"elementor-element elementor-element-1159c010 elementor-widget elementor-widget-text-editor\" data-id=\"1159c010\" data-element_type=\"widget\" data-e-type=\"widget\" data-widget_type=\"text-editor.default\">\n\t\t\t\t\t\t\t\t\t<p class=\"p1\">O projeto <span class=\"s1\"><b>Soudan \u2013 Abastecimento P\u00fablico<\/b><\/span> consistiu na instala\u00e7\u00e3o de um <span class=\"s1\"><b>sistema de bombagem solar<\/b><\/span> para garantir o fornecimento cont\u00ednuo de \u00e1gua pot\u00e1vel \u00e0s comunidades locais no Sud\u00e3o.<\/p><p class=\"p1\">Este sistema combina <span class=\"s1\"><b>bombas submers\u00edveis de alto desempenho<\/b><\/span> com <span class=\"s1\"><b>pain\u00e9is solares fotovoltaicos<\/b><\/span>, assegurando uma solu\u00e7\u00e3o sustent\u00e1vel, econ\u00f3mica e adaptada \u00e0s condi\u00e7\u00f5es do pa\u00eds. A energia solar elimina a depend\u00eancia de combust\u00edveis f\u00f3sseis, reduz os custos operacionais e garante fiabilidade no abastecimento, mesmo em regi\u00f5es remotas.<\/p>\t\t\t\t\t\t\t\t<\/div>\n\t\t\t\t<\/div>\n\t\t<div class=\"elementor-element elementor-element-e20a121 e-con-full e-flex e-con e-child\" data-id=\"e20a121\" data-element_type=\"container\" data-e-type=\"container\">\n\t\t\t\t<div class=\"elementor-element elementor-element-e49d41c elementor-widget elementor-widget-elementskit-heading\" data-id=\"e49d41c\" data-element_type=\"widget\" data-e-type=\"widget\" data-widget_type=\"elementskit-heading.default\">\n\t\t\t\t\t<div class=\"ekit-wid-con\" ><div class=\"ekit-heading elementskit-section-title-wraper text_left   ekit_heading_tablet-   ekit_heading_mobile-\"><h2 class=\"ekit-heading--title elementskit-section-title text_fill\">Resultados <span><span>alcan\u00e7ados<\/span><\/span>:<\/h2><\/div><\/div>\t\t\t\t<\/div>\n\t\t\t\t<div class=\"elementor-element elementor-element-9e60b93 elementor-widget elementor-widget-text-editor\" data-id=\"9e60b93\" data-element_type=\"widget\" data-e-type=\"widget\" data-widget_type=\"text-editor.default\">\n\t\t\t\t\t\t\t\t\t<ul><li><p class=\"p1\">Sistema totalmente operacional desde mar\u00e7o de 2024.<\/p><\/li><li><p class=\"p1\">Comunidade com acesso fi\u00e1vel a \u00e1gua pot\u00e1vel.<\/p><\/li><li><p class=\"p1\">Redu\u00e7\u00e3o significativa de custos energ\u00e9ticos.<\/p><\/li><li><p class=\"p1\">Contributo para a melhoria da qualidade de vida da popula\u00e7\u00e3o local.<\/p><\/li><\/ul>\t\t\t\t\t\t\t\t<\/div>\n\t\t\t\t<\/div>\n\t\t<div class=\"elementor-element elementor-element-12a8665b e-con-full e-flex e-con e-child\" data-id=\"12a8665b\" data-element_type=\"container\" data-e-type=\"container\">\n\t\t\t\t<div class=\"elementor-element elementor-element-5e4f55b1 gallery-spacing-custom elementor-widget elementor-widget-image-gallery\" data-id=\"5e4f55b1\" data-element_type=\"widget\" data-e-type=\"widget\" data-widget_type=\"image-gallery.default\">\n\t\t\t\t\t\t\t<div class=\"elementor-image-gallery\">\n\t\t\t<div id='gallery-1' class='gallery galleryid-1151 gallery-columns-2 gallery-size-full'><figure class='gallery-item'>\n\t\t\t<div class='gallery-icon landscape'>\n\t\t\t\t<a data-elementor-open-lightbox=\"yes\" data-elementor-lightbox-slideshow=\"5e4f55b1\" data-elementor-lightbox-title=\"20151116_091354\" data-e-action-hash=\"#elementor-action%3Aaction%3Dlightbox%26settings%3DeyJpZCI6MTE1MywidXJsIjoiaHR0cHM6XC9cL3JjbC5wdFwvd3AtY29udGVudFwvdXBsb2Fkc1wvMjAyNVwvMDlcLzIwMTUxMTE2XzA5MTM1NC53ZWJwIiwic2xpZGVzaG93IjoiNWU0ZjU1YjEifQ%3D%3D\" href='https:\/\/rcl.pt\/wp-content\/uploads\/2025\/09\/20151116_091354.webp'><img fetchpriority=\"high\" decoding=\"async\" width=\"1536\" height=\"1152\" src=\"https:\/\/rcl.pt\/wp-content\/uploads\/2025\/09\/20151116_091354.webp\" class=\"attachment-full size-full\" alt=\"\" srcset=\"https:\/\/rcl.pt\/wp-content\/uploads\/2025\/09\/20151116_091354.webp 1536w, https:\/\/rcl.pt\/wp-content\/uploads\/2025\/09\/20151116_091354-300x225.webp 300w, https:\/\/rcl.pt\/wp-content\/uploads\/2025\/09\/20151116_091354-1024x768.webp 1024w, https:\/\/rcl.pt\/wp-content\/uploads\/2025\/09\/20151116_091354-768x576.webp 768w\" sizes=\"(max-width: 1536px) 100vw, 1536px\" \/><\/a>\n\t\t\t<\/div><\/figure><figure class='gallery-item'>\n\t\t\t<div class='gallery-icon landscape'>\n\t\t\t\t<a data-elementor-open-lightbox=\"yes\" data-elementor-lightbox-slideshow=\"5e4f55b1\" data-elementor-lightbox-title=\"20151116_123647\" data-e-action-hash=\"#elementor-action%3Aaction%3Dlightbox%26settings%3DeyJpZCI6MTE1NCwidXJsIjoiaHR0cHM6XC9cL3JjbC5wdFwvd3AtY29udGVudFwvdXBsb2Fkc1wvMjAyNVwvMDlcLzIwMTUxMTE2XzEyMzY0Ny53ZWJwIiwic2xpZGVzaG93IjoiNWU0ZjU1YjEifQ%3D%3D\" href='https:\/\/rcl.pt\/wp-content\/uploads\/2025\/09\/20151116_123647.webp'><img decoding=\"async\" width=\"1536\" height=\"1152\" src=\"https:\/\/rcl.pt\/wp-content\/uploads\/2025\/09\/20151116_123647.webp\" class=\"attachment-full size-full\" alt=\"\" srcset=\"https:\/\/rcl.pt\/wp-content\/uploads\/2025\/09\/20151116_123647.webp 1536w, https:\/\/rcl.pt\/wp-content\/uploads\/2025\/09\/20151116_123647-300x225.webp 300w, https:\/\/rcl.pt\/wp-content\/uploads\/2025\/09\/20151116_123647-1024x768.webp 1024w, https:\/\/rcl.pt\/wp-content\/uploads\/2025\/09\/20151116_123647-768x576.webp 768w\" sizes=\"(max-width: 1536px) 100vw, 1536px\" \/><\/a>\n\t\t\t<\/div><\/figure><figure class='gallery-item'>\n\t\t\t<div class='gallery-icon landscape'>\n\t\t\t\t<a data-elementor-open-lightbox=\"yes\" data-elementor-lightbox-slideshow=\"5e4f55b1\" data-elementor-lightbox-title=\"20151117_100839\" data-e-action-hash=\"#elementor-action%3Aaction%3Dlightbox%26settings%3DeyJpZCI6MTE1NSwidXJsIjoiaHR0cHM6XC9cL3JjbC5wdFwvd3AtY29udGVudFwvdXBsb2Fkc1wvMjAyNVwvMDlcLzIwMTUxMTE3XzEwMDgzOS53ZWJwIiwic2xpZGVzaG93IjoiNWU0ZjU1YjEifQ%3D%3D\" href='https:\/\/rcl.pt\/wp-content\/uploads\/2025\/09\/20151117_100839.webp'><img decoding=\"async\" width=\"1536\" height=\"1152\" src=\"https:\/\/rcl.pt\/wp-content\/uploads\/2025\/09\/20151117_100839.webp\" class=\"attachment-full size-full\" alt=\"\" srcset=\"https:\/\/rcl.pt\/wp-content\/uploads\/2025\/09\/20151117_100839.webp 1536w, https:\/\/rcl.pt\/wp-content\/uploads\/2025\/09\/20151117_100839-300x225.webp 300w, https:\/\/rcl.pt\/wp-content\/uploads\/2025\/09\/20151117_100839-1024x768.webp 1024w, https:\/\/rcl.pt\/wp-content\/uploads\/2025\/09\/20151117_100839-768x576.webp 768w\" sizes=\"(max-width: 1536px) 100vw, 1536px\" \/><\/a>\n\t\t\t<\/div><\/figure><figure class='gallery-item'>\n\t\t\t<div class='gallery-icon landscape'>\n\t\t\t\t<a data-elementor-open-lightbox=\"yes\" data-elementor-lightbox-slideshow=\"5e4f55b1\" data-elementor-lightbox-title=\"IMG_1340\" data-e-action-hash=\"#elementor-action%3Aaction%3Dlightbox%26settings%3DeyJpZCI6MTE1NiwidXJsIjoiaHR0cHM6XC9cL3JjbC5wdFwvd3AtY29udGVudFwvdXBsb2Fkc1wvMjAyNVwvMDlcL0lNR18xMzQwLndlYnAiLCJzbGlkZXNob3ciOiI1ZTRmNTViMSJ9\" href='https:\/\/rcl.pt\/wp-content\/uploads\/2025\/09\/IMG_1340.webp'><img loading=\"lazy\" decoding=\"async\" width=\"1536\" height=\"1152\" src=\"https:\/\/rcl.pt\/wp-content\/uploads\/2025\/09\/IMG_1340.webp\" class=\"attachment-full size-full\" alt=\"\" srcset=\"https:\/\/rcl.pt\/wp-content\/uploads\/2025\/09\/IMG_1340.webp 1536w, https:\/\/rcl.pt\/wp-content\/uploads\/2025\/09\/IMG_1340-300x225.webp 300w, https:\/\/rcl.pt\/wp-content\/uploads\/2025\/09\/IMG_1340-1024x768.webp 1024w, https:\/\/rcl.pt\/wp-content\/uploads\/2025\/09\/IMG_1340-768x576.webp 768w\" sizes=\"(max-width: 1536px) 100vw, 1536px\" \/><\/a>\n\t\t\t<\/div><\/figure><figure class='gallery-item'>\n\t\t\t<div class='gallery-icon portrait'>\n\t\t\t\t<a data-elementor-open-lightbox=\"yes\" data-elementor-lightbox-slideshow=\"5e4f55b1\" data-elementor-lightbox-title=\"IMG_1345\" data-e-action-hash=\"#elementor-action%3Aaction%3Dlightbox%26settings%3DeyJpZCI6MTE1NywidXJsIjoiaHR0cHM6XC9cL3JjbC5wdFwvd3AtY29udGVudFwvdXBsb2Fkc1wvMjAyNVwvMDlcL0lNR18xMzQ1LndlYnAiLCJzbGlkZXNob3ciOiI1ZTRmNTViMSJ9\" href='https:\/\/rcl.pt\/wp-content\/uploads\/2025\/09\/IMG_1345.webp'><img loading=\"lazy\" decoding=\"async\" width=\"1152\" height=\"1536\" src=\"https:\/\/rcl.pt\/wp-content\/uploads\/2025\/09\/IMG_1345.webp\" class=\"attachment-full size-full\" alt=\"\" srcset=\"https:\/\/rcl.pt\/wp-content\/uploads\/2025\/09\/IMG_1345.webp 1152w, https:\/\/rcl.pt\/wp-content\/uploads\/2025\/09\/IMG_1345-225x300.webp 225w, https:\/\/rcl.pt\/wp-content\/uploads\/2025\/09\/IMG_1345-768x1024.webp 768w\" sizes=\"(max-width: 1152px) 100vw, 1152px\" \/><\/a>\n\t\t\t<\/div><\/figure>\n\t\t<\/div>\n\t\t<\/div>\n\t\t\t\t\t\t<\/div>\n\t\t\t\t<\/div>\n\t\t\t\t\t<\/div>\n\t\t\t\t<\/div>\n\t\t\t\t<\/div>\n\t\t","protected":false},"excerpt":{"rendered":"<p>Drinking Water Sistema de bombagem solar para abastecimento da popula\u00e7\u00e3o no Sud\u00e3o. Descri\u00e7\u00e3o do projeto O projeto Soudan \u2013 Abastecimento P\u00fablico consistiu na instala\u00e7\u00e3o de um sistema de bombagem solar para garantir o fornecimento cont\u00ednuo de \u00e1gua pot\u00e1vel \u00e0s comunidades locais no Sud\u00e3o. Este sistema combina bombas submers\u00edveis de alto desempenho com pain\u00e9is solares fotovoltaicos, [&hellip;]<\/p>\n","protected":false},"author":1,"featured_media":0,"parent":0,"menu_order":0,"comment_status":"closed","ping_status":"closed","template":"elementor_header_footer","meta":{"footnotes":""},"class_list":["post-1151","page","type-page","status-publish","hentry"],"_links":{"self":[{"href":"https:\/\/rcl.pt\/es\/wp-json\/wp\/v2\/pages\/1151","targetHints":{"allow":["GET"]}}],"collection":[{"href":"https:\/\/rcl.pt\/es\/wp-json\/wp\/v2\/pages"}],"about":[{"href":"https:\/\/rcl.pt\/es\/wp-json\/wp\/v2\/types\/page"}],"author":[{"embeddable":true,"href":"https:\/\/rcl.pt\/es\/wp-json\/wp\/v2\/users\/1"}],"replies":[{"embeddable":true,"href":"https:\/\/rcl.pt\/es\/wp-json\/wp\/v2\/comments?post=1151"}],"version-history":[{"count":29,"href":"https:\/\/rcl.pt\/es\/wp-json\/wp\/v2\/pages\/1151\/revisions"}],"predecessor-version":[{"id":1482,"href":"https:\/\/rcl.pt\/es\/wp-json\/wp\/v2\/pages\/1151\/revisions\/1482"}],"wp:attachment":[{"href":"https:\/\/rcl.pt\/es\/wp-json\/wp\/v2\/media?parent=1151"}],"curies":[{"name":"wp","href":"https:\/\/api.w.org\/{rel}","templated":true}]}}