{"id":304,"date":"2025-07-17T12:27:21","date_gmt":"2025-07-17T12:27:21","guid":{"rendered":"http:\/\/test.rcl.pt\/?page_id=304"},"modified":"2025-09-19T15:07:36","modified_gmt":"2025-09-19T15:07:36","slug":"noticias","status":"publish","type":"page","link":"https:\/\/rcl.pt\/en\/noticias\/","title":{"rendered":"News"},"content":{"rendered":"\t\t<div data-elementor-type=\"wp-page\" data-elementor-id=\"304\" class=\"elementor elementor-304\" data-elementor-post-type=\"page\">\n\t\t\t\t<div class=\"elementor-element elementor-element-391236cd e-con-full e-flex e-con e-parent\" data-id=\"391236cd\" data-element_type=\"container\" data-e-type=\"container\" data-settings=\"{&quot;background_background&quot;:&quot;classic&quot;,&quot;background_motion_fx_motion_fx_scrolling&quot;:&quot;yes&quot;,&quot;background_motion_fx_translateX_effect&quot;:&quot;yes&quot;,&quot;background_motion_fx_translateX_speed&quot;:{&quot;unit&quot;:&quot;px&quot;,&quot;size&quot;:6.5,&quot;sizes&quot;:[]},&quot;background_motion_fx_opacity_effect&quot;:&quot;yes&quot;,&quot;background_motion_fx_opacity_level&quot;:{&quot;unit&quot;:&quot;px&quot;,&quot;size&quot;:6.3,&quot;sizes&quot;:[]},&quot;background_motion_fx_translateX_affectedRange&quot;:{&quot;unit&quot;:&quot;%&quot;,&quot;size&quot;:&quot;&quot;,&quot;sizes&quot;:{&quot;start&quot;:0,&quot;end&quot;:100}},&quot;background_motion_fx_opacity_direction&quot;:&quot;out-in&quot;,&quot;background_motion_fx_opacity_range&quot;:{&quot;unit&quot;:&quot;%&quot;,&quot;size&quot;:&quot;&quot;,&quot;sizes&quot;:{&quot;start&quot;:20,&quot;end&quot;:80}},&quot;background_motion_fx_devices&quot;:[&quot;desktop&quot;,&quot;laptop&quot;,&quot;tablet&quot;,&quot;mobile&quot;]}\">\n\t\t<div class=\"elementor-element elementor-element-650ed9c5 e-flex e-con-boxed elementor-invisible e-con e-child\" data-id=\"650ed9c5\" data-element_type=\"container\" data-e-type=\"container\" data-settings=\"{&quot;animation&quot;:&quot;slideInUp&quot;,&quot;animation_delay&quot;:150}\">\n\t\t\t\t\t<div class=\"e-con-inner\">\n\t\t\t\t<div class=\"elementor-element elementor-element-3c7f272b elementor-widget__width-initial elementor-widget elementor-widget-elementskit-heading\" data-id=\"3c7f272b\" data-element_type=\"widget\" data-e-type=\"widget\" data-widget_type=\"elementskit-heading.default\">\n\t\t\t\t\t<div class=\"ekit-wid-con\" ><div class=\"ekit-heading elementskit-section-title-wraper text_center   ekit_heading_tablet-   ekit_heading_mobile-\"><h2 class=\"ekit-heading--title elementskit-section-title text_fill\"><span><span>Not\u00edcias<\/span><\/span><\/h2><\/div><\/div>\t\t\t\t<\/div>\n\t\t\t\t\t<\/div>\n\t\t\t\t<\/div>\n\t\t\t\t<\/div>\n\t\t<div class=\"elementor-element elementor-element-28f5af12 e-flex e-con-boxed e-con e-parent\" data-id=\"28f5af12\" data-element_type=\"container\" data-e-type=\"container\">\n\t\t\t\t\t<div class=\"e-con-inner\">\n\t\t<div class=\"elementor-element elementor-element-40d1f97e e-con-full e-flex e-con e-child\" data-id=\"40d1f97e\" data-element_type=\"container\" data-e-type=\"container\">\n\t\t\t\t<div class=\"elementor-element elementor-element-4269f307 elementor-grid-3 elementor-grid-tablet-2 elementor-grid-mobile-1 elementor-widget elementor-widget-loop-grid\" data-id=\"4269f307\" data-element_type=\"widget\" data-e-type=\"widget\" data-settings=\"{&quot;template_id&quot;:&quot;320&quot;,&quot;columns&quot;:3,&quot;masonry&quot;:&quot;yes&quot;,&quot;_skin&quot;:&quot;post&quot;,&quot;columns_tablet&quot;:&quot;2&quot;,&quot;columns_mobile&quot;:&quot;1&quot;,&quot;edit_handle_selector&quot;:&quot;[data-elementor-type=\\&quot;loop-item\\&quot;]&quot;,&quot;row_gap&quot;:{&quot;unit&quot;:&quot;px&quot;,&quot;size&quot;:&quot;&quot;,&quot;sizes&quot;:[]},&quot;row_gap_laptop&quot;:{&quot;unit&quot;:&quot;px&quot;,&quot;size&quot;:&quot;&quot;,&quot;sizes&quot;:[]},&quot;row_gap_tablet&quot;:{&quot;unit&quot;:&quot;px&quot;,&quot;size&quot;:&quot;&quot;,&quot;sizes&quot;:[]},&quot;row_gap_mobile&quot;:{&quot;unit&quot;:&quot;px&quot;,&quot;size&quot;:&quot;&quot;,&quot;sizes&quot;:[]}}\" data-widget_type=\"loop-grid.post\">\n\t\t\t\t<div class=\"elementor-widget-container\">\n\t\t\t\t\t\t\t<div class=\"elementor-loop-container elementor-grid\" role=\"list\">\n\t\t<style id=\"loop-320\">.elementor-320 .elementor-element.elementor-element-4ea2a97c{--display:flex;--flex-direction:column;--container-widget-width:100%;--container-widget-height:initial;--container-widget-flex-grow:0;--container-widget-align-self:initial;--flex-wrap-mobile:wrap;--border-radius:0px 0px 30px 30px;}.elementor-320 .elementor-element.elementor-element-4ea2a97c:not(.elementor-motion-effects-element-type-background), .elementor-320 .elementor-element.elementor-element-4ea2a97c > .elementor-motion-effects-container > .elementor-motion-effects-layer{background-color:transparent;background-image:linear-gradient(180deg, var( --e-global-color-f4f359b ) 0%, var( --e-global-color-8e2b78a ) 100%);}.elementor-320 .elementor-element.elementor-element-1a74f2f2{--display:flex;}.elementor-320 .elementor-element.elementor-element-3f6bdda img{border-style:none;border-radius:0px 0px 0px 0px;}.elementor-320 .elementor-element.elementor-element-3f6bdda{margin:0px 0px calc(var(--kit-widget-spacing, 0px) + 0px) 0px;padding:0px 0px 0px 0px;width:var( --container-widget-width, 100% );max-width:100%;--container-widget-width:100%;--container-widget-flex-grow:0;}\/* Start custom CSS for container, class: .elementor-element-4ea2a97c *\/.no-overflow {\n  overflow: hidden;\n}\/* End custom CSS *\/<\/style>\t\t<div data-elementor-type=\"loop-item\" data-elementor-id=\"320\" class=\"elementor elementor-320 e-loop-item e-loop-item-1593 post-1593 post type-post status-publish format-standard has-post-thumbnail hentry category-noticias category-uncategorized\" data-elementor-post-type=\"elementor_library\" data-custom-edit-handle=\"1\">\n\t\t\t<div class=\"elementor-element elementor-element-4ea2a97c e-flex e-con-boxed e-con e-parent\" data-id=\"4ea2a97c\" data-element_type=\"container\" data-e-type=\"container\" data-settings=\"{&quot;background_background&quot;:&quot;gradient&quot;}\">\n\t\t\t\t\t<div class=\"e-con-inner\">\n\t\t<div class=\"elementor-element elementor-element-1a74f2f2 e-con-full e-flex e-con e-child\" data-id=\"1a74f2f2\" data-element_type=\"container\" data-e-type=\"container\">\n\t\t\t\t<div class=\"elementor-element elementor-element-3f6bdda elementor-widget__width-initial elementor-widget elementor-widget-theme-post-featured-image elementor-widget-image\" data-id=\"3f6bdda\" data-element_type=\"widget\" data-e-type=\"widget\" data-widget_type=\"theme-post-featured-image.default\">\n\t\t\t\t\t\t\t\t\t\t\t\t\t\t\t<img fetchpriority=\"high\" decoding=\"async\" width=\"730\" height=\"1024\" src=\"https:\/\/rcl.pt\/wp-content\/uploads\/2026\/02\/rect2-4-7-730x1024.png\" class=\"attachment-large size-large wp-image-1598\" alt=\"\" srcset=\"https:\/\/rcl.pt\/wp-content\/uploads\/2026\/02\/rect2-4-7-730x1024.png 730w, https:\/\/rcl.pt\/wp-content\/uploads\/2026\/02\/rect2-4-7-1095x1536.png 1095w, https:\/\/rcl.pt\/wp-content\/uploads\/2026\/02\/rect2-4-7-1460x2048.png 1460w\" sizes=\"(max-width: 730px) 100vw, 730px\" \/>\t\t\t\t\t\t\t\t\t\t\t\t\t\t\t<\/div>\n\t\t\t\t<div class=\"elementor-element elementor-element-e5f97ad elementor-widget elementor-widget-theme-post-title elementor-page-title elementor-widget-heading\" data-id=\"e5f97ad\" data-element_type=\"widget\" data-e-type=\"widget\" data-widget_type=\"theme-post-title.default\">\n\t\t\t\t\t<h4 class=\"elementor-heading-title elementor-size-default\">Novo cat\u00e1logo geral &#8211; fevereiro 2026<\/h4>\t\t\t\t<\/div>\n\t\t\t\t<div class=\"elementor-element elementor-element-364478a0 elementor-widget elementor-widget-button\" data-id=\"364478a0\" data-element_type=\"widget\" data-e-type=\"widget\" data-widget_type=\"button.default\">\n\t\t\t\t\t\t\t\t\t\t<a class=\"elementor-button elementor-button-link elementor-size-sm\" href=\"https:\/\/rcl.pt\/en\/novo-catalogo-geral-fevereiro-2026\/\">\n\t\t\t\t\t\t<span class=\"elementor-button-content-wrapper\">\n\t\t\t\t\t\t\t\t\t<span class=\"elementor-button-text\">Ver mais<\/span>\n\t\t\t\t\t<\/span>\n\t\t\t\t\t<\/a>\n\t\t\t\t\t\t\t\t<\/div>\n\t\t\t\t<\/div>\n\t\t\t\t\t<\/div>\n\t\t\t\t<\/div>\n\t\t\t\t<\/div>\n\t\t\t\t<div data-elementor-type=\"loop-item\" data-elementor-id=\"320\" class=\"elementor elementor-320 e-loop-item e-loop-item-1136 post-1136 post type-post status-publish format-standard has-post-thumbnail hentry category-noticias category-uncategorized\" data-elementor-post-type=\"elementor_library\" data-custom-edit-handle=\"1\">\n\t\t\t<div class=\"elementor-element elementor-element-4ea2a97c e-flex e-con-boxed e-con e-parent\" data-id=\"4ea2a97c\" data-element_type=\"container\" data-e-type=\"container\" data-settings=\"{&quot;background_background&quot;:&quot;gradient&quot;}\">\n\t\t\t\t\t<div class=\"e-con-inner\">\n\t\t<div class=\"elementor-element elementor-element-1a74f2f2 e-con-full e-flex e-con e-child\" data-id=\"1a74f2f2\" data-element_type=\"container\" data-e-type=\"container\">\n\t\t\t\t<div class=\"elementor-element elementor-element-3f6bdda elementor-widget__width-initial elementor-widget elementor-widget-theme-post-featured-image elementor-widget-image\" data-id=\"3f6bdda\" data-element_type=\"widget\" data-e-type=\"widget\" data-widget_type=\"theme-post-featured-image.default\">\n\t\t\t\t\t\t\t\t\t\t\t\t\t\t\t<img decoding=\"async\" width=\"800\" height=\"800\" src=\"https:\/\/rcl.pt\/wp-content\/uploads\/2025\/09\/imagem-linked-in.png\" class=\"attachment-large size-large wp-image-1141\" alt=\"\" srcset=\"https:\/\/rcl.pt\/wp-content\/uploads\/2025\/09\/imagem-linked-in.png 1024w, https:\/\/rcl.pt\/wp-content\/uploads\/2025\/09\/imagem-linked-in-300x300.png 300w, https:\/\/rcl.pt\/wp-content\/uploads\/2025\/09\/imagem-linked-in-150x150.png 150w, https:\/\/rcl.pt\/wp-content\/uploads\/2025\/09\/imagem-linked-in-768x768.png 768w\" sizes=\"(max-width: 800px) 100vw, 800px\" \/>\t\t\t\t\t\t\t\t\t\t\t\t\t\t\t<\/div>\n\t\t\t\t<div class=\"elementor-element elementor-element-e5f97ad elementor-widget elementor-widget-theme-post-title elementor-page-title elementor-widget-heading\" data-id=\"e5f97ad\" data-element_type=\"widget\" data-e-type=\"widget\" data-widget_type=\"theme-post-title.default\">\n\t\t\t\t\t<h4 class=\"elementor-heading-title elementor-size-default\">RCL \u2013 Well Pumps Portugal j\u00e1 est\u00e1 no LinkedIn<\/h4>\t\t\t\t<\/div>\n\t\t\t\t<div class=\"elementor-element elementor-element-364478a0 elementor-widget elementor-widget-button\" data-id=\"364478a0\" data-element_type=\"widget\" data-e-type=\"widget\" data-widget_type=\"button.default\">\n\t\t\t\t\t\t\t\t\t\t<a class=\"elementor-button elementor-button-link elementor-size-sm\" href=\"https:\/\/rcl.pt\/en\/rcl-well-pumps-portugal-ja-esta-no-linkedin\/\">\n\t\t\t\t\t\t<span class=\"elementor-button-content-wrapper\">\n\t\t\t\t\t\t\t\t\t<span class=\"elementor-button-text\">Ver mais<\/span>\n\t\t\t\t\t<\/span>\n\t\t\t\t\t<\/a>\n\t\t\t\t\t\t\t\t<\/div>\n\t\t\t\t<\/div>\n\t\t\t\t\t<\/div>\n\t\t\t\t<\/div>\n\t\t\t\t<\/div>\n\t\t\t\t<div data-elementor-type=\"loop-item\" data-elementor-id=\"320\" class=\"elementor elementor-320 e-loop-item e-loop-item-1129 post-1129 post type-post status-publish format-standard has-post-thumbnail hentry category-noticias category-uncategorized\" data-elementor-post-type=\"elementor_library\" data-custom-edit-handle=\"1\">\n\t\t\t<div class=\"elementor-element elementor-element-4ea2a97c e-flex e-con-boxed e-con e-parent\" data-id=\"4ea2a97c\" data-element_type=\"container\" data-e-type=\"container\" data-settings=\"{&quot;background_background&quot;:&quot;gradient&quot;}\">\n\t\t\t\t\t<div class=\"e-con-inner\">\n\t\t<div class=\"elementor-element elementor-element-1a74f2f2 e-con-full e-flex e-con e-child\" data-id=\"1a74f2f2\" data-element_type=\"container\" data-e-type=\"container\">\n\t\t\t\t<div class=\"elementor-element elementor-element-3f6bdda elementor-widget__width-initial elementor-widget elementor-widget-theme-post-featured-image elementor-widget-image\" data-id=\"3f6bdda\" data-element_type=\"widget\" data-e-type=\"widget\" data-widget_type=\"theme-post-featured-image.default\">\n\t\t\t\t\t\t\t\t\t\t\t\t\t\t\t<img decoding=\"async\" width=\"433\" height=\"249\" src=\"https:\/\/rcl.pt\/wp-content\/uploads\/2025\/09\/logo-enerh2o-partilha.jpg\" class=\"attachment-large size-large wp-image-1135\" alt=\"\" srcset=\"https:\/\/rcl.pt\/wp-content\/uploads\/2025\/09\/logo-enerh2o-partilha.jpg 433w, https:\/\/rcl.pt\/wp-content\/uploads\/2025\/09\/logo-enerh2o-partilha-300x173.jpg 300w\" sizes=\"(max-width: 433px) 100vw, 433px\" \/>\t\t\t\t\t\t\t\t\t\t\t\t\t\t\t<\/div>\n\t\t\t\t<div class=\"elementor-element elementor-element-e5f97ad elementor-widget elementor-widget-theme-post-title elementor-page-title elementor-widget-heading\" data-id=\"e5f97ad\" data-element_type=\"widget\" data-e-type=\"widget\" data-widget_type=\"theme-post-title.default\">\n\t\t\t\t\t<h4 class=\"elementor-heading-title elementor-size-default\">RCL na ENERH2O 2025<\/h4>\t\t\t\t<\/div>\n\t\t\t\t<div class=\"elementor-element elementor-element-364478a0 elementor-widget elementor-widget-button\" data-id=\"364478a0\" data-element_type=\"widget\" data-e-type=\"widget\" data-widget_type=\"button.default\">\n\t\t\t\t\t\t\t\t\t\t<a class=\"elementor-button elementor-button-link elementor-size-sm\" href=\"https:\/\/rcl.pt\/en\/rcl-na-enerh2o-2025\/\">\n\t\t\t\t\t\t<span class=\"elementor-button-content-wrapper\">\n\t\t\t\t\t\t\t\t\t<span class=\"elementor-button-text\">Ver mais<\/span>\n\t\t\t\t\t<\/span>\n\t\t\t\t\t<\/a>\n\t\t\t\t\t\t\t\t<\/div>\n\t\t\t\t<\/div>\n\t\t\t\t\t<\/div>\n\t\t\t\t<\/div>\n\t\t\t\t<\/div>\n\t\t\t\t<div data-elementor-type=\"loop-item\" data-elementor-id=\"320\" class=\"elementor elementor-320 e-loop-item e-loop-item-309 post-309 post type-post status-publish format-standard has-post-thumbnail hentry category-noticias category-uncategorized\" data-elementor-post-type=\"elementor_library\" data-custom-edit-handle=\"1\">\n\t\t\t<div class=\"elementor-element elementor-element-4ea2a97c e-flex e-con-boxed e-con e-parent\" data-id=\"4ea2a97c\" data-element_type=\"container\" data-e-type=\"container\" data-settings=\"{&quot;background_background&quot;:&quot;gradient&quot;}\">\n\t\t\t\t\t<div class=\"e-con-inner\">\n\t\t<div class=\"elementor-element elementor-element-1a74f2f2 e-con-full e-flex e-con e-child\" data-id=\"1a74f2f2\" data-element_type=\"container\" data-e-type=\"container\">\n\t\t\t\t<div class=\"elementor-element elementor-element-3f6bdda elementor-widget__width-initial elementor-widget elementor-widget-theme-post-featured-image elementor-widget-image\" data-id=\"3f6bdda\" data-element_type=\"widget\" data-e-type=\"widget\" data-widget_type=\"theme-post-featured-image.default\">\n\t\t\t\t\t\t\t\t\t\t\t\t\t\t\t<img loading=\"lazy\" decoding=\"async\" width=\"467\" height=\"354\" src=\"https:\/\/rcl.pt\/wp-content\/uploads\/2025\/07\/Screenshot-2025-09-09-at-6.53.36-PM.png\" class=\"attachment-large size-large wp-image-1122\" alt=\"\" srcset=\"https:\/\/rcl.pt\/wp-content\/uploads\/2025\/07\/Screenshot-2025-09-09-at-6.53.36-PM.png 467w, https:\/\/rcl.pt\/wp-content\/uploads\/2025\/07\/Screenshot-2025-09-09-at-6.53.36-PM-300x227.png 300w\" sizes=\"(max-width: 467px) 100vw, 467px\" \/>\t\t\t\t\t\t\t\t\t\t\t\t\t\t\t<\/div>\n\t\t\t\t<div class=\"elementor-element elementor-element-e5f97ad elementor-widget elementor-widget-theme-post-title elementor-page-title elementor-widget-heading\" data-id=\"e5f97ad\" data-element_type=\"widget\" data-e-type=\"widget\" data-widget_type=\"theme-post-title.default\">\n\t\t\t\t\t<h4 class=\"elementor-heading-title elementor-size-default\">Novos controladores de press\u00e3o H2Q<\/h4>\t\t\t\t<\/div>\n\t\t\t\t<div class=\"elementor-element elementor-element-364478a0 elementor-widget elementor-widget-button\" data-id=\"364478a0\" data-element_type=\"widget\" data-e-type=\"widget\" data-widget_type=\"button.default\">\n\t\t\t\t\t\t\t\t\t\t<a class=\"elementor-button elementor-button-link elementor-size-sm\" href=\"https:\/\/rcl.pt\/en\/novos-controladores-de-pressao-h2q\/\">\n\t\t\t\t\t\t<span class=\"elementor-button-content-wrapper\">\n\t\t\t\t\t\t\t\t\t<span class=\"elementor-button-text\">Ver mais<\/span>\n\t\t\t\t\t<\/span>\n\t\t\t\t\t<\/a>\n\t\t\t\t\t\t\t\t<\/div>\n\t\t\t\t<\/div>\n\t\t\t\t\t<\/div>\n\t\t\t\t<\/div>\n\t\t\t\t<\/div>\n\t\t\t\t<\/div>\n\t\t\n\t\t\t\t\t\t<\/div>\n\t\t\t\t<\/div>\n\t\t\t\t<\/div>\n\t\t\t\t\t<\/div>\n\t\t\t\t<\/div>\n\t\t<div class=\"elementor-element elementor-element-1ae5fed e-con-full e-flex e-con e-parent\" data-id=\"1ae5fed\" data-element_type=\"container\" data-e-type=\"container\" data-settings=\"{&quot;background_background&quot;:&quot;classic&quot;}\">\n\t\t<div class=\"elementor-element elementor-element-dff6f15 e-flex e-con-boxed e-con e-child\" data-id=\"dff6f15\" data-element_type=\"container\" data-e-type=\"container\">\n\t\t\t\t\t<div class=\"e-con-inner\">\n\t\t\t\t<div class=\"elementor-element elementor-element-b6a71ee elementor-widget elementor-widget-elementskit-heading\" data-id=\"b6a71ee\" data-element_type=\"widget\" data-e-type=\"widget\" data-widget_type=\"elementskit-heading.default\">\n\t\t\t\t\t<div class=\"ekit-wid-con\" ><div class=\"ekit-heading elementskit-section-title-wraper text_left   ekit_heading_tablet-text_center   ekit_heading_mobile-text_center\"><h2 class=\"ekit-heading--title elementskit-section-title text_fill\"><span><span>Projetos, <\/span><\/span> com impacto real<\/h2>\t\t\t\t<div class='ekit-heading__description'>\n\t\t\t\t\t<p><a href=\"http:\/\/rcl.pt\/projetos\/\">Ver todos os Projetos...<\/a><\/p>\n\t\t\t\t<\/div>\n\t\t\t<\/div><\/div>\t\t\t\t<\/div>\n\t\t\t\t\t<\/div>\n\t\t\t\t<\/div>\n\t\t<div class=\"elementor-element elementor-element-f3c8ed3 e-con-full e-flex e-con e-child\" data-id=\"f3c8ed3\" data-element_type=\"container\" data-e-type=\"container\">\n\t\t<div class=\"elementor-element elementor-element-fbdc1f7 e-con-full e-flex elementor-invisible e-con e-child\" data-id=\"fbdc1f7\" data-element_type=\"container\" data-e-type=\"container\" data-settings=\"{&quot;background_background&quot;:&quot;classic&quot;,&quot;animation&quot;:&quot;slideInUp&quot;,&quot;animation_delay&quot;:150}\">\n\t\t\t\t<div class=\"elementor-element elementor-element-4b32928 elementor-widget elementor-widget-image\" data-id=\"4b32928\" data-element_type=\"widget\" data-e-type=\"widget\" data-widget_type=\"image.default\">\n\t\t\t\t\t\t\t\t\t\t\t\t\t\t\t\t<a href=\"#\">\n\t\t\t\t\t\t\t<img loading=\"lazy\" decoding=\"async\" width=\"1536\" height=\"1152\" src=\"https:\/\/rcl.pt\/wp-content\/uploads\/2025\/09\/20151117_100839.webp\" class=\"attachment-full size-full wp-image-1155\" alt=\"\" srcset=\"https:\/\/rcl.pt\/wp-content\/uploads\/2025\/09\/20151117_100839.webp 1536w, https:\/\/rcl.pt\/wp-content\/uploads\/2025\/09\/20151117_100839-300x225.webp 300w, https:\/\/rcl.pt\/wp-content\/uploads\/2025\/09\/20151117_100839-1024x768.webp 1024w, https:\/\/rcl.pt\/wp-content\/uploads\/2025\/09\/20151117_100839-768x576.webp 768w\" sizes=\"(max-width: 1536px) 100vw, 1536px\" \/>\t\t\t\t\t\t\t\t<\/a>\n\t\t\t\t\t\t\t\t\t\t\t\t\t\t\t<\/div>\n\t\t<div class=\"elementor-element elementor-element-e9320ab e-con-full e-flex e-con e-child\" data-id=\"e9320ab\" data-element_type=\"container\" data-e-type=\"container\">\n\t\t\t\t<div class=\"elementor-element elementor-element-9eab707 elementor-widget elementor-widget-heading\" data-id=\"9eab707\" data-element_type=\"widget\" data-e-type=\"widget\" data-widget_type=\"heading.default\">\n\t\t\t\t\t<h4 class=\"elementor-heading-title elementor-size-default\"><a href=\"#\">Abastecimento p\u00fablico do Sud\u00e3o\n<\/a><\/h4>\t\t\t\t<\/div>\n\t\t\t\t<div class=\"elementor-element elementor-element-f1b1010 elementor-widget elementor-widget-button\" data-id=\"f1b1010\" data-element_type=\"widget\" data-e-type=\"widget\" data-widget_type=\"button.default\">\n\t\t\t\t\t\t\t\t\t\t<a class=\"elementor-button elementor-button-link elementor-size-sm\" href=\"http:\/\/rcl.pt\/soudan-drinking-water-project\/\">\n\t\t\t\t\t\t<span class=\"elementor-button-content-wrapper\">\n\t\t\t\t\t\t\t\t\t<span class=\"elementor-button-text\">Ver Mais<\/span>\n\t\t\t\t\t<\/span>\n\t\t\t\t\t<\/a>\n\t\t\t\t\t\t\t\t<\/div>\n\t\t\t\t<\/div>\n\t\t\t\t<\/div>\n\t\t<div class=\"elementor-element elementor-element-397e2ea e-con-full e-flex elementor-invisible e-con e-child\" data-id=\"397e2ea\" data-element_type=\"container\" data-e-type=\"container\" data-settings=\"{&quot;background_background&quot;:&quot;classic&quot;,&quot;animation&quot;:&quot;slideInUp&quot;,&quot;animation_delay&quot;:200}\">\n\t\t\t\t<div class=\"elementor-element elementor-element-c86f140 elementor-widget elementor-widget-image\" data-id=\"c86f140\" data-element_type=\"widget\" data-e-type=\"widget\" data-widget_type=\"image.default\">\n\t\t\t\t\t\t\t\t\t\t\t\t\t\t\t\t<a href=\"#\">\n\t\t\t\t\t\t\t<img loading=\"lazy\" decoding=\"async\" width=\"1536\" height=\"1011\" src=\"https:\/\/rcl.pt\/wp-content\/uploads\/2025\/09\/DSC4730-Pano.webp\" class=\"attachment-full size-full wp-image-1182\" alt=\"\" srcset=\"https:\/\/rcl.pt\/wp-content\/uploads\/2025\/09\/DSC4730-Pano.webp 1536w, https:\/\/rcl.pt\/wp-content\/uploads\/2025\/09\/DSC4730-Pano-300x197.webp 300w, https:\/\/rcl.pt\/wp-content\/uploads\/2025\/09\/DSC4730-Pano-1024x674.webp 1024w, https:\/\/rcl.pt\/wp-content\/uploads\/2025\/09\/DSC4730-Pano-768x506.webp 768w\" sizes=\"(max-width: 1536px) 100vw, 1536px\" \/>\t\t\t\t\t\t\t\t<\/a>\n\t\t\t\t\t\t\t\t\t\t\t\t\t\t\t<\/div>\n\t\t<div class=\"elementor-element elementor-element-8c9952f e-con-full e-flex e-con e-child\" data-id=\"8c9952f\" data-element_type=\"container\" data-e-type=\"container\">\n\t\t\t\t<div class=\"elementor-element elementor-element-e0f6694 elementor-widget elementor-widget-heading\" data-id=\"e0f6694\" data-element_type=\"widget\" data-e-type=\"widget\" data-widget_type=\"heading.default\">\n\t\t\t\t\t<h4 class=\"elementor-heading-title elementor-size-default\"><a href=\"#\">Fonte ornamental\n<\/a><\/h4>\t\t\t\t<\/div>\n\t\t\t\t<div class=\"elementor-element elementor-element-30e672b elementor-widget elementor-widget-button\" data-id=\"30e672b\" data-element_type=\"widget\" data-e-type=\"widget\" data-widget_type=\"button.default\">\n\t\t\t\t\t\t\t\t\t\t<a class=\"elementor-button elementor-button-link elementor-size-sm\" href=\"http:\/\/rcl.pt\/pakistan-projeto-fonte-ornamental\/\">\n\t\t\t\t\t\t<span class=\"elementor-button-content-wrapper\">\n\t\t\t\t\t\t\t\t\t<span class=\"elementor-button-text\">Ver Mais<\/span>\n\t\t\t\t\t<\/span>\n\t\t\t\t\t<\/a>\n\t\t\t\t\t\t\t\t<\/div>\n\t\t\t\t<\/div>\n\t\t\t\t<\/div>\n\t\t<div class=\"elementor-element elementor-element-d4a6f20 e-con-full e-flex elementor-invisible e-con e-child\" data-id=\"d4a6f20\" data-element_type=\"container\" data-e-type=\"container\" data-settings=\"{&quot;background_background&quot;:&quot;classic&quot;,&quot;animation&quot;:&quot;slideInUp&quot;,&quot;animation_delay&quot;:250}\">\n\t\t\t\t<div class=\"elementor-element elementor-element-4f40fb5 elementor-widget elementor-widget-image\" data-id=\"4f40fb5\" data-element_type=\"widget\" data-e-type=\"widget\" data-widget_type=\"image.default\">\n\t\t\t\t\t\t\t\t\t\t\t\t\t\t\t\t<a href=\"#\">\n\t\t\t\t\t\t\t<img loading=\"lazy\" decoding=\"async\" width=\"1280\" height=\"720\" src=\"https:\/\/rcl.pt\/wp-content\/uploads\/2025\/09\/107386753_1168472850187073_6272108758051611034_n.webp\" class=\"attachment-full size-full wp-image-1192\" alt=\"\" srcset=\"https:\/\/rcl.pt\/wp-content\/uploads\/2025\/09\/107386753_1168472850187073_6272108758051611034_n.webp 1280w, https:\/\/rcl.pt\/wp-content\/uploads\/2025\/09\/107386753_1168472850187073_6272108758051611034_n-300x169.webp 300w, https:\/\/rcl.pt\/wp-content\/uploads\/2025\/09\/107386753_1168472850187073_6272108758051611034_n-1024x576.webp 1024w, https:\/\/rcl.pt\/wp-content\/uploads\/2025\/09\/107386753_1168472850187073_6272108758051611034_n-768x432.webp 768w\" sizes=\"(max-width: 1280px) 100vw, 1280px\" \/>\t\t\t\t\t\t\t\t<\/a>\n\t\t\t\t\t\t\t\t\t\t\t\t\t\t\t<\/div>\n\t\t<div class=\"elementor-element elementor-element-850fbc3 e-con-full e-flex e-con e-child\" data-id=\"850fbc3\" data-element_type=\"container\" data-e-type=\"container\">\n\t\t\t\t<div class=\"elementor-element elementor-element-27843fd elementor-widget elementor-widget-heading\" data-id=\"27843fd\" data-element_type=\"widget\" data-e-type=\"widget\" data-widget_type=\"heading.default\">\n\t\t\t\t\t<h4 class=\"elementor-heading-title elementor-size-default\"><a href=\"#\">Irriga\u00e7\u00e3o de campo de arroz\n<\/a><\/h4>\t\t\t\t<\/div>\n\t\t\t\t<div class=\"elementor-element elementor-element-d9cb9af elementor-widget elementor-widget-button\" data-id=\"d9cb9af\" data-element_type=\"widget\" data-e-type=\"widget\" data-widget_type=\"button.default\">\n\t\t\t\t\t\t\t\t\t\t<a class=\"elementor-button elementor-button-link elementor-size-sm\" href=\"http:\/\/rcl.pt\/philippines-projeto-irrigacao-de-campo-de-arroz\/\">\n\t\t\t\t\t\t<span class=\"elementor-button-content-wrapper\">\n\t\t\t\t\t\t\t\t\t<span class=\"elementor-button-text\">Ver Mais<\/span>\n\t\t\t\t\t<\/span>\n\t\t\t\t\t<\/a>\n\t\t\t\t\t\t\t\t<\/div>\n\t\t\t\t<\/div>\n\t\t\t\t<\/div>\n\t\t\t\t<\/div>\n\t\t\t\t<\/div>\n\t\t\t\t<\/div>\n\t\t","protected":false},"excerpt":{"rendered":"<p>Not\u00edcias Projetos, com impacto real Ver todos os Projetos&#8230; Abastecimento p\u00fablico do Sud\u00e3o Ver Mais Fonte ornamental Ver Mais Irriga\u00e7\u00e3o de campo de arroz Ver Mais<\/p>","protected":false},"author":1,"featured_media":0,"parent":0,"menu_order":0,"comment_status":"closed","ping_status":"closed","template":"elementor_header_footer","meta":{"footnotes":""},"class_list":["post-304","page","type-page","status-publish","hentry"],"_links":{"self":[{"href":"https:\/\/rcl.pt\/en\/wp-json\/wp\/v2\/pages\/304","targetHints":{"allow":["GET"]}}],"collection":[{"href":"https:\/\/rcl.pt\/en\/wp-json\/wp\/v2\/pages"}],"about":[{"href":"https:\/\/rcl.pt\/en\/wp-json\/wp\/v2\/types\/page"}],"author":[{"embeddable":true,"href":"https:\/\/rcl.pt\/en\/wp-json\/wp\/v2\/users\/1"}],"replies":[{"embeddable":true,"href":"https:\/\/rcl.pt\/en\/wp-json\/wp\/v2\/comments?post=304"}],"version-history":[{"count":20,"href":"https:\/\/rcl.pt\/en\/wp-json\/wp\/v2\/pages\/304\/revisions"}],"predecessor-version":[{"id":1535,"href":"https:\/\/rcl.pt\/en\/wp-json\/wp\/v2\/pages\/304\/revisions\/1535"}],"wp:attachment":[{"href":"https:\/\/rcl.pt\/en\/wp-json\/wp\/v2\/media?parent=304"}],"curies":[{"name":"wp","href":"https:\/\/api.w.org\/{rel}","templated":true}]}}