{"id":1250,"date":"2025-09-09T21:36:12","date_gmt":"2025-09-09T21:36:12","guid":{"rendered":"http:\/\/test.rcl.pt\/?page_id=1250"},"modified":"2025-09-19T15:01:37","modified_gmt":"2025-09-19T15:01:37","slug":"drenagem-nivel-constante","status":"publish","type":"page","link":"https:\/\/rcl.pt\/en\/drenagem-nivel-constante\/","title":{"rendered":"Constant-level drainage system"},"content":{"rendered":"\t\t<div data-elementor-type=\"wp-page\" data-elementor-id=\"1250\" class=\"elementor elementor-1250\" data-elementor-post-type=\"page\">\n\t\t\t\t<div class=\"elementor-element elementor-element-1b57e4c1 e-con-full e-flex e-con e-parent\" data-id=\"1b57e4c1\" data-element_type=\"container\" data-e-type=\"container\" data-settings=\"{&quot;background_background&quot;:&quot;gradient&quot;,&quot;background_motion_fx_motion_fx_scrolling&quot;:&quot;yes&quot;,&quot;background_motion_fx_translateX_effect&quot;:&quot;yes&quot;,&quot;background_motion_fx_translateX_speed&quot;:{&quot;unit&quot;:&quot;px&quot;,&quot;size&quot;:6.5,&quot;sizes&quot;:[]},&quot;background_motion_fx_translateX_affectedRange&quot;:{&quot;unit&quot;:&quot;%&quot;,&quot;size&quot;:&quot;&quot;,&quot;sizes&quot;:{&quot;start&quot;:0,&quot;end&quot;:100}},&quot;background_motion_fx_devices&quot;:[&quot;desktop&quot;,&quot;laptop&quot;,&quot;tablet&quot;,&quot;mobile&quot;]}\">\n\t\t<div class=\"elementor-element elementor-element-23e08380 e-flex e-con-boxed elementor-invisible e-con e-child\" data-id=\"23e08380\" data-element_type=\"container\" data-e-type=\"container\" data-settings=\"{&quot;animation&quot;:&quot;slideInUp&quot;,&quot;animation_delay&quot;:150}\">\n\t\t\t\t\t<div class=\"e-con-inner\">\n\t\t\t\t<div class=\"elementor-element elementor-element-5fac7fd4 elementor-widget__width-initial elementor-widget elementor-widget-elementskit-heading\" data-id=\"5fac7fd4\" data-element_type=\"widget\" data-e-type=\"widget\" data-widget_type=\"elementskit-heading.default\">\n\t\t\t\t\t<div class=\"ekit-wid-con\" ><div class=\"ekit-heading elementskit-section-title-wraper text_left   ekit_heading_tablet-   ekit_heading_mobile-\"><h2 class=\"ekit-heading--title elementskit-section-title text_fill\">Drenagem n\u00edvel constante<\/h2>\t\t\t\t<div class='ekit-heading__description'>\n\t\t\t\t\t<p><span style=\"font-weight: 400\">Sistema de drenagem a n\u00edvel constante numa esta\u00e7\u00e3o ferrovi\u00e1ria nos Pa\u00edses Baixos.<\/span><\/p>\n\t\t\t\t<\/div>\n\t\t\t<\/div><\/div>\t\t\t\t<\/div>\n\t\t\t\t\t<\/div>\n\t\t\t\t<\/div>\n\t\t\t\t<\/div>\n\t\t<div class=\"elementor-element elementor-element-cacc875 e-flex e-con-boxed e-con e-parent\" data-id=\"cacc875\" data-element_type=\"container\" data-e-type=\"container\">\n\t\t\t\t\t<div class=\"e-con-inner\">\n\t\t<div class=\"elementor-element elementor-element-58e0360a e-con-full e-flex e-con e-child\" data-id=\"58e0360a\" data-element_type=\"container\" data-e-type=\"container\">\n\t\t\t\t<div class=\"elementor-element elementor-element-5c7040a5 elementor-widget elementor-widget-elementskit-heading\" data-id=\"5c7040a5\" data-element_type=\"widget\" data-e-type=\"widget\" data-widget_type=\"elementskit-heading.default\">\n\t\t\t\t\t<div class=\"ekit-wid-con\" ><div class=\"ekit-heading elementskit-section-title-wraper text_left   ekit_heading_tablet-   ekit_heading_mobile-\"><h2 class=\"ekit-heading--title elementskit-section-title \"> <span><span>Completo<\/span><\/span><\/h2><h3 class=\"ekit-heading--subtitle elementskit-section-subtitle  \">\n\t\t\t\t\t\t2025\n\t\t\t\t\t<\/h3><\/div><\/div>\t\t\t\t<\/div>\n\t\t\t\t<\/div>\n\t\t<div class=\"elementor-element elementor-element-6372ee60 e-con-full e-flex e-con e-child\" data-id=\"6372ee60\" data-element_type=\"container\" data-e-type=\"container\">\n\t\t\t\t<div class=\"elementor-element elementor-element-5f60e75c elementor-widget elementor-widget-elementskit-heading\" data-id=\"5f60e75c\" data-element_type=\"widget\" data-e-type=\"widget\" data-widget_type=\"elementskit-heading.default\">\n\t\t\t\t\t<div class=\"ekit-wid-con\" ><div class=\"ekit-heading elementskit-section-title-wraper text_left   ekit_heading_tablet-   ekit_heading_mobile-\"><h2 class=\"ekit-heading--title elementskit-section-title \"> <span><span>Local<\/span><\/span><\/h2><h3 class=\"ekit-heading--subtitle elementskit-section-subtitle  \">\n\t\t\t\t\t\tPa\u00edses Baixos\n\t\t\t\t\t<\/h3><\/div><\/div>\t\t\t\t<\/div>\n\t\t\t\t<\/div>\n\t\t<div class=\"elementor-element elementor-element-2eb6571f e-con-full e-flex e-con e-child\" data-id=\"2eb6571f\" data-element_type=\"container\" data-e-type=\"container\">\n\t\t\t\t<div class=\"elementor-element elementor-element-7bf30f0d elementor-widget elementor-widget-elementskit-heading\" data-id=\"7bf30f0d\" data-element_type=\"widget\" data-e-type=\"widget\" data-widget_type=\"elementskit-heading.default\">\n\t\t\t\t\t<div class=\"ekit-wid-con\" ><div class=\"ekit-heading elementskit-section-title-wraper text_left   ekit_heading_tablet-   ekit_heading_mobile-\"><a href=\"#\"><h2 class=\"ekit-heading--title elementskit-section-title \"> <span><span>Tecnologia<\/span><\/span><\/h2><\/a><h3 class=\"ekit-heading--subtitle elementskit-section-subtitle  \">\n\t\t\t\t\t\tSistema de drenagem com variadores de velocidade\n\t\t\t\t\t<\/h3><\/div><\/div>\t\t\t\t<\/div>\n\t\t\t\t<\/div>\n\t\t\t\t\t<\/div>\n\t\t\t\t<\/div>\n\t\t<div class=\"elementor-element elementor-element-246eee7a e-flex e-con-boxed e-con e-parent\" data-id=\"246eee7a\" data-element_type=\"container\" data-e-type=\"container\">\n\t\t\t\t\t<div class=\"e-con-inner\">\n\t\t<div class=\"elementor-element elementor-element-6d41e04c e-con-full e-flex e-con e-child\" data-id=\"6d41e04c\" data-element_type=\"container\" data-e-type=\"container\">\n\t\t\t\t<div class=\"elementor-element elementor-element-3e26247 elementor-widget elementor-widget-elementskit-heading\" data-id=\"3e26247\" data-element_type=\"widget\" data-e-type=\"widget\" data-widget_type=\"elementskit-heading.default\">\n\t\t\t\t\t<div class=\"ekit-wid-con\" ><div class=\"ekit-heading elementskit-section-title-wraper text_left   ekit_heading_tablet-   ekit_heading_mobile-\"><h2 class=\"ekit-heading--title elementskit-section-title text_fill\"><span><span>Descri\u00e7\u00e3o<\/span><\/span> do projeto<\/h2><\/div><\/div>\t\t\t\t<\/div>\n\t\t\t\t<div class=\"elementor-element elementor-element-1159c010 elementor-widget elementor-widget-text-editor\" data-id=\"1159c010\" data-element_type=\"widget\" data-e-type=\"widget\" data-widget_type=\"text-editor.default\">\n\t\t\t\t\t\t\t\t\t<p class=\"p1\">Implementa\u00e7\u00e3o de um <span class=\"s1\"><b>sistema de drenagem a n\u00edvel constante<\/b><\/span> numa esta\u00e7\u00e3o ferrovi\u00e1ria nos Pa\u00edses Baixos.<\/p><p class=\"p1\">O quadro el\u00e9trico, desenvolvido e fabricado em Portugal pela <span class=\"s1\"><b>RCL \u2013 Well Pumps Portugal<\/b><\/span>, integra variadores de velocidade que permitem ajustar automaticamente o funcionamento das bombas, assegurando a drenagem cont\u00ednua da \u00e1gua e a manuten\u00e7\u00e3o de n\u00edveis seguros.<\/p>\t\t\t\t\t\t\t\t<\/div>\n\t\t\t\t<\/div>\n\t\t<div class=\"elementor-element elementor-element-e20a121 e-con-full e-flex e-con e-child\" data-id=\"e20a121\" data-element_type=\"container\" data-e-type=\"container\">\n\t\t\t\t<div class=\"elementor-element elementor-element-e49d41c elementor-widget elementor-widget-elementskit-heading\" data-id=\"e49d41c\" data-element_type=\"widget\" data-e-type=\"widget\" data-widget_type=\"elementskit-heading.default\">\n\t\t\t\t\t<div class=\"ekit-wid-con\" ><div class=\"ekit-heading elementskit-section-title-wraper text_left   ekit_heading_tablet-   ekit_heading_mobile-\"><h2 class=\"ekit-heading--title elementskit-section-title text_fill\">Resultados <span><span>alcan\u00e7ados<\/span><\/span>:<\/h2><\/div><\/div>\t\t\t\t<\/div>\n\t\t\t\t<div class=\"elementor-element elementor-element-9e60b93 elementor-widget elementor-widget-text-editor\" data-id=\"9e60b93\" data-element_type=\"widget\" data-e-type=\"widget\" data-widget_type=\"text-editor.default\">\n\t\t\t\t\t\t\t\t\t<ul><li><p class=\"p1\">Garantia de n\u00edveis de \u00e1gua controlados em ambiente ferrovi\u00e1rio.<\/p><\/li><li><p class=\"p1\">Opera\u00e7\u00e3o autom\u00e1tica e eficiente com recurso a variadores de velocidade.<\/p><\/li><li><p class=\"p1\">Projeto concebido e produzido em Portugal, aplicado com sucesso nos Pa\u00edses Baixos.<\/p><\/li><li><p class=\"p1\">Maior seguran\u00e7a e fiabilidade para a infraestrutura ferrovi\u00e1ria.<\/p><\/li><\/ul>\t\t\t\t\t\t\t\t<\/div>\n\t\t\t\t<\/div>\n\t\t<div class=\"elementor-element elementor-element-12a8665b e-con-full e-flex e-con e-child\" data-id=\"12a8665b\" data-element_type=\"container\" data-e-type=\"container\">\n\t\t\t\t<div class=\"elementor-element elementor-element-5e4f55b1 gallery-spacing-custom elementor-widget elementor-widget-image-gallery\" data-id=\"5e4f55b1\" data-element_type=\"widget\" data-e-type=\"widget\" data-widget_type=\"image-gallery.default\">\n\t\t\t\t\t\t\t<div class=\"elementor-image-gallery\">\n\t\t\t<div id='gallery-1' class='gallery galleryid-1250 gallery-columns-2 gallery-size-full'><figure class='gallery-item'>\n\t\t\t<div class='gallery-icon portrait'>\n\t\t\t\t<a data-elementor-open-lightbox=\"yes\" data-elementor-lightbox-slideshow=\"5e4f55b1\" data-elementor-lightbox-title=\"WhatsApp Image 2025-09-05 at 12.12.17_507ccd9a\" data-e-action-hash=\"#elementor-action%3Aaction%3Dlightbox%26settings%3DeyJpZCI6MTI2NSwidXJsIjoiaHR0cHM6XC9cL3JjbC5wdFwvd3AtY29udGVudFwvdXBsb2Fkc1wvMjAyNVwvMDlcL1doYXRzQXBwLUltYWdlLTIwMjUtMDktMDUtYXQtMTIuMTIuMTdfNTA3Y2NkOWEud2VicCIsInNsaWRlc2hvdyI6IjVlNGY1NWIxIn0%3D\" href='https:\/\/rcl.pt\/wp-content\/uploads\/2025\/09\/WhatsApp-Image-2025-09-05-at-12.12.17_507ccd9a.webp'><img fetchpriority=\"high\" decoding=\"async\" width=\"1152\" height=\"1536\" src=\"https:\/\/rcl.pt\/wp-content\/uploads\/2025\/09\/WhatsApp-Image-2025-09-05-at-12.12.17_507ccd9a.webp\" class=\"attachment-full size-full\" alt=\"\" srcset=\"https:\/\/rcl.pt\/wp-content\/uploads\/2025\/09\/WhatsApp-Image-2025-09-05-at-12.12.17_507ccd9a.webp 1152w, https:\/\/rcl.pt\/wp-content\/uploads\/2025\/09\/WhatsApp-Image-2025-09-05-at-12.12.17_507ccd9a-225x300.webp 225w, https:\/\/rcl.pt\/wp-content\/uploads\/2025\/09\/WhatsApp-Image-2025-09-05-at-12.12.17_507ccd9a-768x1024.webp 768w\" sizes=\"(max-width: 1152px) 100vw, 1152px\" \/><\/a>\n\t\t\t<\/div><\/figure><figure class='gallery-item'>\n\t\t\t<div class='gallery-icon landscape'>\n\t\t\t\t<a data-elementor-open-lightbox=\"yes\" data-elementor-lightbox-slideshow=\"5e4f55b1\" data-elementor-lightbox-title=\"WhatsApp Image 2025-09-05 at 12.12.20_1bcf5f42\" data-e-action-hash=\"#elementor-action%3Aaction%3Dlightbox%26settings%3DeyJpZCI6MTI2NywidXJsIjoiaHR0cHM6XC9cL3JjbC5wdFwvd3AtY29udGVudFwvdXBsb2Fkc1wvMjAyNVwvMDlcL1doYXRzQXBwLUltYWdlLTIwMjUtMDktMDUtYXQtMTIuMTIuMjBfMWJjZjVmNDIud2VicCIsInNsaWRlc2hvdyI6IjVlNGY1NWIxIn0%3D\" href='https:\/\/rcl.pt\/wp-content\/uploads\/2025\/09\/WhatsApp-Image-2025-09-05-at-12.12.20_1bcf5f42.webp'><img decoding=\"async\" width=\"1536\" height=\"1152\" src=\"https:\/\/rcl.pt\/wp-content\/uploads\/2025\/09\/WhatsApp-Image-2025-09-05-at-12.12.20_1bcf5f42.webp\" class=\"attachment-full size-full\" alt=\"\" srcset=\"https:\/\/rcl.pt\/wp-content\/uploads\/2025\/09\/WhatsApp-Image-2025-09-05-at-12.12.20_1bcf5f42.webp 1536w, https:\/\/rcl.pt\/wp-content\/uploads\/2025\/09\/WhatsApp-Image-2025-09-05-at-12.12.20_1bcf5f42-300x225.webp 300w, https:\/\/rcl.pt\/wp-content\/uploads\/2025\/09\/WhatsApp-Image-2025-09-05-at-12.12.20_1bcf5f42-1024x768.webp 1024w, https:\/\/rcl.pt\/wp-content\/uploads\/2025\/09\/WhatsApp-Image-2025-09-05-at-12.12.20_1bcf5f42-768x576.webp 768w\" sizes=\"(max-width: 1536px) 100vw, 1536px\" \/><\/a>\n\t\t\t<\/div><\/figure><figure class='gallery-item'>\n\t\t\t<div class='gallery-icon portrait'>\n\t\t\t\t<a data-elementor-open-lightbox=\"yes\" data-elementor-lightbox-slideshow=\"5e4f55b1\" data-elementor-lightbox-title=\"WhatsApp Image 2025-09-05 at 12.12.17_24f30abb\" data-e-action-hash=\"#elementor-action%3Aaction%3Dlightbox%26settings%3DeyJpZCI6MTI2NCwidXJsIjoiaHR0cHM6XC9cL3JjbC5wdFwvd3AtY29udGVudFwvdXBsb2Fkc1wvMjAyNVwvMDlcL1doYXRzQXBwLUltYWdlLTIwMjUtMDktMDUtYXQtMTIuMTIuMTdfMjRmMzBhYmIud2VicCIsInNsaWRlc2hvdyI6IjVlNGY1NWIxIn0%3D\" href='https:\/\/rcl.pt\/wp-content\/uploads\/2025\/09\/WhatsApp-Image-2025-09-05-at-12.12.17_24f30abb.webp'><img decoding=\"async\" width=\"1152\" height=\"1536\" src=\"https:\/\/rcl.pt\/wp-content\/uploads\/2025\/09\/WhatsApp-Image-2025-09-05-at-12.12.17_24f30abb.webp\" class=\"attachment-full size-full\" alt=\"\" srcset=\"https:\/\/rcl.pt\/wp-content\/uploads\/2025\/09\/WhatsApp-Image-2025-09-05-at-12.12.17_24f30abb.webp 1152w, https:\/\/rcl.pt\/wp-content\/uploads\/2025\/09\/WhatsApp-Image-2025-09-05-at-12.12.17_24f30abb-225x300.webp 225w, https:\/\/rcl.pt\/wp-content\/uploads\/2025\/09\/WhatsApp-Image-2025-09-05-at-12.12.17_24f30abb-768x1024.webp 768w\" sizes=\"(max-width: 1152px) 100vw, 1152px\" \/><\/a>\n\t\t\t<\/div><\/figure><figure class='gallery-item'>\n\t\t\t<div class='gallery-icon portrait'>\n\t\t\t\t<a data-elementor-open-lightbox=\"yes\" data-elementor-lightbox-slideshow=\"5e4f55b1\" data-elementor-lightbox-title=\"WhatsApp Image 2025-09-05 at 12.12.20_0d494d87\" data-e-action-hash=\"#elementor-action%3Aaction%3Dlightbox%26settings%3DeyJpZCI6MTI2NiwidXJsIjoiaHR0cHM6XC9cL3JjbC5wdFwvd3AtY29udGVudFwvdXBsb2Fkc1wvMjAyNVwvMDlcL1doYXRzQXBwLUltYWdlLTIwMjUtMDktMDUtYXQtMTIuMTIuMjBfMGQ0OTRkODcud2VicCIsInNsaWRlc2hvdyI6IjVlNGY1NWIxIn0%3D\" href='https:\/\/rcl.pt\/wp-content\/uploads\/2025\/09\/WhatsApp-Image-2025-09-05-at-12.12.20_0d494d87.webp'><img loading=\"lazy\" decoding=\"async\" width=\"1152\" height=\"1536\" src=\"https:\/\/rcl.pt\/wp-content\/uploads\/2025\/09\/WhatsApp-Image-2025-09-05-at-12.12.20_0d494d87.webp\" class=\"attachment-full size-full\" alt=\"\" srcset=\"https:\/\/rcl.pt\/wp-content\/uploads\/2025\/09\/WhatsApp-Image-2025-09-05-at-12.12.20_0d494d87.webp 1152w, https:\/\/rcl.pt\/wp-content\/uploads\/2025\/09\/WhatsApp-Image-2025-09-05-at-12.12.20_0d494d87-225x300.webp 225w, https:\/\/rcl.pt\/wp-content\/uploads\/2025\/09\/WhatsApp-Image-2025-09-05-at-12.12.20_0d494d87-768x1024.webp 768w\" sizes=\"(max-width: 1152px) 100vw, 1152px\" \/><\/a>\n\t\t\t<\/div><\/figure><figure class='gallery-item'>\n\t\t\t<div class='gallery-icon portrait'>\n\t\t\t\t<a data-elementor-open-lightbox=\"yes\" data-elementor-lightbox-slideshow=\"5e4f55b1\" data-elementor-lightbox-title=\"WhatsApp Image 2025-09-05 at 12.12.22_a4fce154\" data-e-action-hash=\"#elementor-action%3Aaction%3Dlightbox%26settings%3DeyJpZCI6MTI2OSwidXJsIjoiaHR0cHM6XC9cL3JjbC5wdFwvd3AtY29udGVudFwvdXBsb2Fkc1wvMjAyNVwvMDlcL1doYXRzQXBwLUltYWdlLTIwMjUtMDktMDUtYXQtMTIuMTIuMjJfYTRmY2UxNTQud2VicCIsInNsaWRlc2hvdyI6IjVlNGY1NWIxIn0%3D\" href='https:\/\/rcl.pt\/wp-content\/uploads\/2025\/09\/WhatsApp-Image-2025-09-05-at-12.12.22_a4fce154.webp'><img loading=\"lazy\" decoding=\"async\" width=\"1152\" height=\"1536\" src=\"https:\/\/rcl.pt\/wp-content\/uploads\/2025\/09\/WhatsApp-Image-2025-09-05-at-12.12.22_a4fce154.webp\" class=\"attachment-full size-full\" alt=\"\" srcset=\"https:\/\/rcl.pt\/wp-content\/uploads\/2025\/09\/WhatsApp-Image-2025-09-05-at-12.12.22_a4fce154.webp 1152w, https:\/\/rcl.pt\/wp-content\/uploads\/2025\/09\/WhatsApp-Image-2025-09-05-at-12.12.22_a4fce154-225x300.webp 225w, https:\/\/rcl.pt\/wp-content\/uploads\/2025\/09\/WhatsApp-Image-2025-09-05-at-12.12.22_a4fce154-768x1024.webp 768w\" sizes=\"(max-width: 1152px) 100vw, 1152px\" \/><\/a>\n\t\t\t<\/div><\/figure><figure class='gallery-item'>\n\t\t\t<div class='gallery-icon portrait'>\n\t\t\t\t<a data-elementor-open-lightbox=\"yes\" data-elementor-lightbox-slideshow=\"5e4f55b1\" data-elementor-lightbox-title=\"WhatsApp Image 2025-09-05 at 12.12.26_2a26d0f5\" data-e-action-hash=\"#elementor-action%3Aaction%3Dlightbox%26settings%3DeyJpZCI6MTI3MCwidXJsIjoiaHR0cHM6XC9cL3JjbC5wdFwvd3AtY29udGVudFwvdXBsb2Fkc1wvMjAyNVwvMDlcL1doYXRzQXBwLUltYWdlLTIwMjUtMDktMDUtYXQtMTIuMTIuMjZfMmEyNmQwZjUud2VicCIsInNsaWRlc2hvdyI6IjVlNGY1NWIxIn0%3D\" href='https:\/\/rcl.pt\/wp-content\/uploads\/2025\/09\/WhatsApp-Image-2025-09-05-at-12.12.26_2a26d0f5.webp'><img loading=\"lazy\" decoding=\"async\" width=\"1152\" height=\"1536\" src=\"https:\/\/rcl.pt\/wp-content\/uploads\/2025\/09\/WhatsApp-Image-2025-09-05-at-12.12.26_2a26d0f5.webp\" class=\"attachment-full size-full\" alt=\"\" srcset=\"https:\/\/rcl.pt\/wp-content\/uploads\/2025\/09\/WhatsApp-Image-2025-09-05-at-12.12.26_2a26d0f5.webp 1152w, https:\/\/rcl.pt\/wp-content\/uploads\/2025\/09\/WhatsApp-Image-2025-09-05-at-12.12.26_2a26d0f5-225x300.webp 225w, https:\/\/rcl.pt\/wp-content\/uploads\/2025\/09\/WhatsApp-Image-2025-09-05-at-12.12.26_2a26d0f5-768x1024.webp 768w\" sizes=\"(max-width: 1152px) 100vw, 1152px\" \/><\/a>\n\t\t\t<\/div><\/figure><figure class='gallery-item'>\n\t\t\t<div class='gallery-icon portrait'>\n\t\t\t\t<a data-elementor-open-lightbox=\"yes\" data-elementor-lightbox-slideshow=\"5e4f55b1\" data-elementor-lightbox-title=\"WhatsApp Image 2025-09-05 at 12.12.26_56a9305b\" data-e-action-hash=\"#elementor-action%3Aaction%3Dlightbox%26settings%3DeyJpZCI6MTI3MSwidXJsIjoiaHR0cHM6XC9cL3JjbC5wdFwvd3AtY29udGVudFwvdXBsb2Fkc1wvMjAyNVwvMDlcL1doYXRzQXBwLUltYWdlLTIwMjUtMDktMDUtYXQtMTIuMTIuMjZfNTZhOTMwNWIud2VicCIsInNsaWRlc2hvdyI6IjVlNGY1NWIxIn0%3D\" href='https:\/\/rcl.pt\/wp-content\/uploads\/2025\/09\/WhatsApp-Image-2025-09-05-at-12.12.26_56a9305b.webp'><img loading=\"lazy\" decoding=\"async\" width=\"1152\" height=\"1536\" src=\"https:\/\/rcl.pt\/wp-content\/uploads\/2025\/09\/WhatsApp-Image-2025-09-05-at-12.12.26_56a9305b.webp\" class=\"attachment-full size-full\" alt=\"\" srcset=\"https:\/\/rcl.pt\/wp-content\/uploads\/2025\/09\/WhatsApp-Image-2025-09-05-at-12.12.26_56a9305b.webp 1152w, https:\/\/rcl.pt\/wp-content\/uploads\/2025\/09\/WhatsApp-Image-2025-09-05-at-12.12.26_56a9305b-225x300.webp 225w, https:\/\/rcl.pt\/wp-content\/uploads\/2025\/09\/WhatsApp-Image-2025-09-05-at-12.12.26_56a9305b-768x1024.webp 768w\" sizes=\"(max-width: 1152px) 100vw, 1152px\" \/><\/a>\n\t\t\t<\/div><\/figure>\n\t\t<\/div>\n\t\t<\/div>\n\t\t\t\t\t\t<\/div>\n\t\t\t\t<\/div>\n\t\t\t\t\t<\/div>\n\t\t\t\t<\/div>\n\t\t\t\t<\/div>\n\t\t","protected":false},"excerpt":{"rendered":"<p>Drenagem n\u00edvel constante Sistema de drenagem a n\u00edvel constante numa esta\u00e7\u00e3o ferrovi\u00e1ria nos Pa\u00edses Baixos. Completo 2025 Local Pa\u00edses Baixos Tecnologia Sistema de drenagem com variadores de velocidade Descri\u00e7\u00e3o do projeto Implementa\u00e7\u00e3o de um sistema de drenagem a n\u00edvel constante numa esta\u00e7\u00e3o ferrovi\u00e1ria nos Pa\u00edses Baixos. O quadro el\u00e9trico, desenvolvido e fabricado em Portugal pela [&hellip;]<\/p>\n","protected":false},"author":1,"featured_media":0,"parent":0,"menu_order":0,"comment_status":"closed","ping_status":"closed","template":"elementor_header_footer","meta":{"footnotes":""},"class_list":["post-1250","page","type-page","status-publish","hentry"],"_links":{"self":[{"href":"https:\/\/rcl.pt\/en\/wp-json\/wp\/v2\/pages\/1250","targetHints":{"allow":["GET"]}}],"collection":[{"href":"https:\/\/rcl.pt\/en\/wp-json\/wp\/v2\/pages"}],"about":[{"href":"https:\/\/rcl.pt\/en\/wp-json\/wp\/v2\/types\/page"}],"author":[{"embeddable":true,"href":"https:\/\/rcl.pt\/en\/wp-json\/wp\/v2\/users\/1"}],"replies":[{"embeddable":true,"href":"https:\/\/rcl.pt\/en\/wp-json\/wp\/v2\/comments?post=1250"}],"version-history":[{"count":21,"href":"https:\/\/rcl.pt\/en\/wp-json\/wp\/v2\/pages\/1250\/revisions"}],"predecessor-version":[{"id":1529,"href":"https:\/\/rcl.pt\/en\/wp-json\/wp\/v2\/pages\/1250\/revisions\/1529"}],"wp:attachment":[{"href":"https:\/\/rcl.pt\/en\/wp-json\/wp\/v2\/media?parent=1250"}],"curies":[{"name":"wp","href":"https:\/\/api.w.org\/{rel}","templated":true}]}}