{"id":1236,"date":"2025-09-09T21:29:42","date_gmt":"2025-09-09T21:29:42","guid":{"rendered":"http:\/\/test.rcl.pt\/?page_id=1236"},"modified":"2025-09-16T11:16:34","modified_gmt":"2025-09-16T11:16:34","slug":"irrigacao-de-campo-de-arroz","status":"publish","type":"page","link":"https:\/\/rcl.pt\/en\/irrigacao-de-campo-de-arroz\/","title":{"rendered":"Rice field irrigation system"},"content":{"rendered":"\t\t<div data-elementor-type=\"wp-page\" data-elementor-id=\"1236\" class=\"elementor elementor-1236\" data-elementor-post-type=\"page\">\n\t\t\t\t<div class=\"elementor-element elementor-element-1b57e4c1 e-con-full e-flex e-con e-parent\" data-id=\"1b57e4c1\" data-element_type=\"container\" data-e-type=\"container\" data-settings=\"{&quot;background_background&quot;:&quot;gradient&quot;,&quot;background_motion_fx_motion_fx_scrolling&quot;:&quot;yes&quot;,&quot;background_motion_fx_translateX_effect&quot;:&quot;yes&quot;,&quot;background_motion_fx_translateX_speed&quot;:{&quot;unit&quot;:&quot;px&quot;,&quot;size&quot;:6.5,&quot;sizes&quot;:[]},&quot;background_motion_fx_translateX_affectedRange&quot;:{&quot;unit&quot;:&quot;%&quot;,&quot;size&quot;:&quot;&quot;,&quot;sizes&quot;:{&quot;start&quot;:0,&quot;end&quot;:100}},&quot;background_motion_fx_devices&quot;:[&quot;desktop&quot;,&quot;laptop&quot;,&quot;tablet&quot;,&quot;mobile&quot;]}\">\n\t\t<div class=\"elementor-element elementor-element-23e08380 e-flex e-con-boxed elementor-invisible e-con e-child\" data-id=\"23e08380\" data-element_type=\"container\" data-e-type=\"container\" data-settings=\"{&quot;animation&quot;:&quot;slideInUp&quot;,&quot;animation_delay&quot;:150}\">\n\t\t\t\t\t<div class=\"e-con-inner\">\n\t\t\t\t<div class=\"elementor-element elementor-element-5fac7fd4 elementor-widget__width-initial elementor-widget elementor-widget-elementskit-heading\" data-id=\"5fac7fd4\" data-element_type=\"widget\" data-e-type=\"widget\" data-widget_type=\"elementskit-heading.default\">\n\t\t\t\t\t<div class=\"ekit-wid-con\" ><div class=\"ekit-heading elementskit-section-title-wraper text_left   ekit_heading_tablet-   ekit_heading_mobile-\"><h2 class=\"ekit-heading--title elementskit-section-title text_fill\">Irriga\u00e7\u00e3o de campo de arroz<\/h2>\t\t\t\t<div class='ekit-heading__description'>\n\t\t\t\t\t<p><span style=\"font-weight: 400\">Sistema de bombagem solar h\u00edbrido projetado para a irriga\u00e7\u00e3o de campos de arroz nas Filipinas.<\/span><\/p>\n\t\t\t\t<\/div>\n\t\t\t<\/div><\/div>\t\t\t\t<\/div>\n\t\t\t\t\t<\/div>\n\t\t\t\t<\/div>\n\t\t\t\t<\/div>\n\t\t<div class=\"elementor-element elementor-element-cacc875 e-flex e-con-boxed e-con e-parent\" data-id=\"cacc875\" data-element_type=\"container\" data-e-type=\"container\">\n\t\t\t\t\t<div class=\"e-con-inner\">\n\t\t<div class=\"elementor-element elementor-element-8e687b e-con-full e-flex e-con e-child\" data-id=\"8e687b\" data-element_type=\"container\" data-e-type=\"container\">\n\t\t\t\t<div class=\"elementor-element elementor-element-65df92f elementor-widget elementor-widget-elementskit-heading\" data-id=\"65df92f\" data-element_type=\"widget\" data-e-type=\"widget\" data-widget_type=\"elementskit-heading.default\">\n\t\t\t\t\t<div class=\"ekit-wid-con\" ><div class=\"ekit-heading elementskit-section-title-wraper text_left   ekit_heading_tablet-   ekit_heading_mobile-\"><h2 class=\"ekit-heading--title elementskit-section-title \"> <span><span>Cliente<\/span><\/span><\/h2><h3 class=\"ekit-heading--subtitle elementskit-section-subtitle  \">\n\t\t\t\t\t\tProjeto local de irriga\u00e7\u00e3o agr\u00edcola\n\t\t\t\t\t<\/h3><\/div><\/div>\t\t\t\t<\/div>\n\t\t\t\t<\/div>\n\t\t<div class=\"elementor-element elementor-element-58e0360a e-con-full e-flex e-con e-child\" data-id=\"58e0360a\" data-element_type=\"container\" data-e-type=\"container\">\n\t\t\t\t<div class=\"elementor-element elementor-element-5c7040a5 elementor-widget elementor-widget-elementskit-heading\" data-id=\"5c7040a5\" data-element_type=\"widget\" data-e-type=\"widget\" data-widget_type=\"elementskit-heading.default\">\n\t\t\t\t\t<div class=\"ekit-wid-con\" ><div class=\"ekit-heading elementskit-section-title-wraper text_center   ekit_heading_tablet-   ekit_heading_mobile-\"><h2 class=\"ekit-heading--title elementskit-section-title \"> <span><span>Completo<\/span><\/span><\/h2><h3 class=\"ekit-heading--subtitle elementskit-section-subtitle  \">\n\t\t\t\t\t\t2022\n\t\t\t\t\t<\/h3><\/div><\/div>\t\t\t\t<\/div>\n\t\t\t\t<\/div>\n\t\t<div class=\"elementor-element elementor-element-6372ee60 e-con-full e-flex e-con e-child\" data-id=\"6372ee60\" data-element_type=\"container\" data-e-type=\"container\">\n\t\t\t\t<div class=\"elementor-element elementor-element-5f60e75c elementor-widget elementor-widget-elementskit-heading\" data-id=\"5f60e75c\" data-element_type=\"widget\" data-e-type=\"widget\" data-widget_type=\"elementskit-heading.default\">\n\t\t\t\t\t<div class=\"ekit-wid-con\" ><div class=\"ekit-heading elementskit-section-title-wraper text_left   ekit_heading_tablet-   ekit_heading_mobile-\"><h2 class=\"ekit-heading--title elementskit-section-title \"> <span><span>Local<\/span><\/span><\/h2><h3 class=\"ekit-heading--subtitle elementskit-section-subtitle  \">\n\t\t\t\t\t\tFilipinas\n\t\t\t\t\t<\/h3><\/div><\/div>\t\t\t\t<\/div>\n\t\t\t\t<\/div>\n\t\t<div class=\"elementor-element elementor-element-2eb6571f e-con-full e-flex e-con e-child\" data-id=\"2eb6571f\" data-element_type=\"container\" data-e-type=\"container\">\n\t\t\t\t<div class=\"elementor-element elementor-element-7bf30f0d elementor-widget elementor-widget-elementskit-heading\" data-id=\"7bf30f0d\" data-element_type=\"widget\" data-e-type=\"widget\" data-widget_type=\"elementskit-heading.default\">\n\t\t\t\t\t<div class=\"ekit-wid-con\" ><div class=\"ekit-heading elementskit-section-title-wraper text_left   ekit_heading_tablet-   ekit_heading_mobile-\"><a href=\"#\"><h2 class=\"ekit-heading--title elementskit-section-title \"> <span><span>Tecnologia<\/span><\/span><\/h2><\/a><h3 class=\"ekit-heading--subtitle elementskit-section-subtitle  \">\n\t\t\t\t\t\tBombagem submers\u00edvel + sistema solar h\u00edbrido\n\t\t\t\t\t<\/h3><\/div><\/div>\t\t\t\t<\/div>\n\t\t\t\t<\/div>\n\t\t\t\t\t<\/div>\n\t\t\t\t<\/div>\n\t\t<div class=\"elementor-element elementor-element-246eee7a e-flex e-con-boxed e-con e-parent\" data-id=\"246eee7a\" data-element_type=\"container\" data-e-type=\"container\">\n\t\t\t\t\t<div class=\"e-con-inner\">\n\t\t<div class=\"elementor-element elementor-element-6d41e04c e-con-full e-flex e-con e-child\" data-id=\"6d41e04c\" data-element_type=\"container\" data-e-type=\"container\">\n\t\t\t\t<div class=\"elementor-element elementor-element-3e26247 elementor-widget elementor-widget-elementskit-heading\" data-id=\"3e26247\" data-element_type=\"widget\" data-e-type=\"widget\" data-widget_type=\"elementskit-heading.default\">\n\t\t\t\t\t<div class=\"ekit-wid-con\" ><div class=\"ekit-heading elementskit-section-title-wraper text_left   ekit_heading_tablet-   ekit_heading_mobile-\"><h2 class=\"ekit-heading--title elementskit-section-title text_fill\"><span><span>Descri\u00e7\u00e3o<\/span><\/span> do projeto<\/h2><\/div><\/div>\t\t\t\t<\/div>\n\t\t\t\t<div class=\"elementor-element elementor-element-1159c010 elementor-widget elementor-widget-text-editor\" data-id=\"1159c010\" data-element_type=\"widget\" data-e-type=\"widget\" data-widget_type=\"text-editor.default\">\n\t\t\t\t\t\t\t\t\t<p class=\"p1\">Instala\u00e7\u00e3o de um <span class=\"s1\"><b>sistema de bombagem solar h\u00edbrido<\/b><\/span> desenvolvido para garantir a irriga\u00e7\u00e3o eficiente de campos de arroz nas Filipinas.<\/p><p class=\"p1\">O sistema foi concebido para operar com energia solar durante o dia e alternar automaticamente para a rede el\u00e9trica quando necess\u00e1rio, assegurando a continuidade da irriga\u00e7\u00e3o mesmo em condi\u00e7\u00f5es de baixa radia\u00e7\u00e3o solar.<\/p>\t\t\t\t\t\t\t\t<\/div>\n\t\t\t\t<\/div>\n\t\t<div class=\"elementor-element elementor-element-e20a121 e-con-full e-flex e-con e-child\" data-id=\"e20a121\" data-element_type=\"container\" data-e-type=\"container\">\n\t\t\t\t<div class=\"elementor-element elementor-element-e49d41c elementor-widget elementor-widget-elementskit-heading\" data-id=\"e49d41c\" data-element_type=\"widget\" data-e-type=\"widget\" data-widget_type=\"elementskit-heading.default\">\n\t\t\t\t\t<div class=\"ekit-wid-con\" ><div class=\"ekit-heading elementskit-section-title-wraper text_left   ekit_heading_tablet-   ekit_heading_mobile-\"><h2 class=\"ekit-heading--title elementskit-section-title text_fill\">Resultados <span><span>alcan\u00e7ados<\/span><\/span>:<\/h2><\/div><\/div>\t\t\t\t<\/div>\n\t\t\t\t<div class=\"elementor-element elementor-element-9e60b93 elementor-widget elementor-widget-text-editor\" data-id=\"9e60b93\" data-element_type=\"widget\" data-e-type=\"widget\" data-widget_type=\"text-editor.default\">\n\t\t\t\t\t\t\t\t\t<ul><li><p class=\"p1\">Irriga\u00e7\u00e3o cont\u00ednua e fi\u00e1vel de campos de arroz.<\/p><\/li><li><p class=\"p1\">Redu\u00e7\u00e3o significativa dos custos energ\u00e9ticos atrav\u00e9s do uso de energia solar.<\/p><\/li><li><p class=\"p1\">Sistema autom\u00e1tico h\u00edbrido que garante funcionamento ininterrupto.<\/p><\/li><li><p class=\"p1\">Contributo para uma agricultura mais sustent\u00e1vel e produtiva na regi\u00e3o.<\/p><\/li><\/ul>\t\t\t\t\t\t\t\t<\/div>\n\t\t\t\t<\/div>\n\t\t<div class=\"elementor-element elementor-element-12a8665b e-con-full e-flex e-con e-child\" data-id=\"12a8665b\" data-element_type=\"container\" data-e-type=\"container\">\n\t\t\t\t<div class=\"elementor-element elementor-element-5e4f55b1 gallery-spacing-custom elementor-widget elementor-widget-image-gallery\" data-id=\"5e4f55b1\" data-element_type=\"widget\" data-e-type=\"widget\" data-widget_type=\"image-gallery.default\">\n\t\t\t\t\t\t\t<div class=\"elementor-image-gallery\">\n\t\t\t<div id='gallery-1' class='gallery galleryid-1236 gallery-columns-2 gallery-size-full'><figure class='gallery-item'>\n\t\t\t<div class='gallery-icon landscape'>\n\t\t\t\t<a data-elementor-open-lightbox=\"yes\" data-elementor-lightbox-slideshow=\"5e4f55b1\" data-elementor-lightbox-title=\"83821445_533100810893575_155530420874641408_n\" data-e-action-hash=\"#elementor-action%3Aaction%3Dlightbox%26settings%3DeyJpZCI6MTI0MiwidXJsIjoiaHR0cHM6XC9cL3JjbC5wdFwvd3AtY29udGVudFwvdXBsb2Fkc1wvMjAyNVwvMDlcLzgzODIxNDQ1XzUzMzEwMDgxMDg5MzU3NV8xNTU1MzA0MjA4NzQ2NDE0MDhfbi53ZWJwIiwic2xpZGVzaG93IjoiNWU0ZjU1YjEifQ%3D%3D\" href='https:\/\/rcl.pt\/wp-content\/uploads\/2025\/09\/83821445_533100810893575_155530420874641408_n.webp'><img fetchpriority=\"high\" decoding=\"async\" width=\"1536\" height=\"1152\" src=\"https:\/\/rcl.pt\/wp-content\/uploads\/2025\/09\/83821445_533100810893575_155530420874641408_n.webp\" class=\"attachment-full size-full\" alt=\"\" srcset=\"https:\/\/rcl.pt\/wp-content\/uploads\/2025\/09\/83821445_533100810893575_155530420874641408_n.webp 1536w, https:\/\/rcl.pt\/wp-content\/uploads\/2025\/09\/83821445_533100810893575_155530420874641408_n-300x225.webp 300w, https:\/\/rcl.pt\/wp-content\/uploads\/2025\/09\/83821445_533100810893575_155530420874641408_n-1024x768.webp 1024w, https:\/\/rcl.pt\/wp-content\/uploads\/2025\/09\/83821445_533100810893575_155530420874641408_n-768x576.webp 768w\" sizes=\"(max-width: 1536px) 100vw, 1536px\" \/><\/a>\n\t\t\t<\/div><\/figure><figure class='gallery-item'>\n\t\t\t<div class='gallery-icon landscape'>\n\t\t\t\t<a data-elementor-open-lightbox=\"yes\" data-elementor-lightbox-slideshow=\"5e4f55b1\" data-elementor-lightbox-title=\"IMG_20181126_091921\" data-e-action-hash=\"#elementor-action%3Aaction%3Dlightbox%26settings%3DeyJpZCI6MTI0NSwidXJsIjoiaHR0cHM6XC9cL3JjbC5wdFwvd3AtY29udGVudFwvdXBsb2Fkc1wvMjAyNVwvMDlcL0lNR18yMDE4MTEyNl8wOTE5MjEud2VicCIsInNsaWRlc2hvdyI6IjVlNGY1NWIxIn0%3D\" href='https:\/\/rcl.pt\/wp-content\/uploads\/2025\/09\/IMG_20181126_091921.webp'><img decoding=\"async\" width=\"1536\" height=\"1149\" src=\"https:\/\/rcl.pt\/wp-content\/uploads\/2025\/09\/IMG_20181126_091921.webp\" class=\"attachment-full size-full\" alt=\"\" srcset=\"https:\/\/rcl.pt\/wp-content\/uploads\/2025\/09\/IMG_20181126_091921.webp 1536w, https:\/\/rcl.pt\/wp-content\/uploads\/2025\/09\/IMG_20181126_091921-300x224.webp 300w, https:\/\/rcl.pt\/wp-content\/uploads\/2025\/09\/IMG_20181126_091921-1024x766.webp 1024w, https:\/\/rcl.pt\/wp-content\/uploads\/2025\/09\/IMG_20181126_091921-768x575.webp 768w\" sizes=\"(max-width: 1536px) 100vw, 1536px\" \/><\/a>\n\t\t\t<\/div><\/figure><figure class='gallery-item'>\n\t\t\t<div class='gallery-icon landscape'>\n\t\t\t\t<a data-elementor-open-lightbox=\"yes\" data-elementor-lightbox-slideshow=\"5e4f55b1\" data-elementor-lightbox-title=\"83090077_795500297634048_8148971124353400832_n\" data-e-action-hash=\"#elementor-action%3Aaction%3Dlightbox%26settings%3DeyJpZCI6MTI0MSwidXJsIjoiaHR0cHM6XC9cL3JjbC5wdFwvd3AtY29udGVudFwvdXBsb2Fkc1wvMjAyNVwvMDlcLzgzMDkwMDc3Xzc5NTUwMDI5NzYzNDA0OF84MTQ4OTcxMTI0MzUzNDAwODMyX24ud2VicCIsInNsaWRlc2hvdyI6IjVlNGY1NWIxIn0%3D\" href='https:\/\/rcl.pt\/wp-content\/uploads\/2025\/09\/83090077_795500297634048_8148971124353400832_n.webp'><img decoding=\"async\" width=\"1536\" height=\"1152\" src=\"https:\/\/rcl.pt\/wp-content\/uploads\/2025\/09\/83090077_795500297634048_8148971124353400832_n.webp\" class=\"attachment-full size-full\" alt=\"\" srcset=\"https:\/\/rcl.pt\/wp-content\/uploads\/2025\/09\/83090077_795500297634048_8148971124353400832_n.webp 1536w, https:\/\/rcl.pt\/wp-content\/uploads\/2025\/09\/83090077_795500297634048_8148971124353400832_n-300x225.webp 300w, https:\/\/rcl.pt\/wp-content\/uploads\/2025\/09\/83090077_795500297634048_8148971124353400832_n-1024x768.webp 1024w, https:\/\/rcl.pt\/wp-content\/uploads\/2025\/09\/83090077_795500297634048_8148971124353400832_n-768x576.webp 768w\" sizes=\"(max-width: 1536px) 100vw, 1536px\" \/><\/a>\n\t\t\t<\/div><\/figure><figure class='gallery-item'>\n\t\t\t<div class='gallery-icon landscape'>\n\t\t\t\t<a data-elementor-open-lightbox=\"yes\" data-elementor-lightbox-slideshow=\"5e4f55b1\" data-elementor-lightbox-title=\"107386753_1168472850187073_6272108758051611034_n\" data-e-action-hash=\"#elementor-action%3Aaction%3Dlightbox%26settings%3DeyJpZCI6MTI0MywidXJsIjoiaHR0cHM6XC9cL3JjbC5wdFwvd3AtY29udGVudFwvdXBsb2Fkc1wvMjAyNVwvMDlcLzEwNzM4Njc1M18xMTY4NDcyODUwMTg3MDczXzYyNzIxMDg3NTgwNTE2MTEwMzRfbi0xLndlYnAiLCJzbGlkZXNob3ciOiI1ZTRmNTViMSJ9\" href='https:\/\/rcl.pt\/wp-content\/uploads\/2025\/09\/107386753_1168472850187073_6272108758051611034_n-1.webp'><img loading=\"lazy\" decoding=\"async\" width=\"1280\" height=\"720\" src=\"https:\/\/rcl.pt\/wp-content\/uploads\/2025\/09\/107386753_1168472850187073_6272108758051611034_n-1.webp\" class=\"attachment-full size-full\" alt=\"\" srcset=\"https:\/\/rcl.pt\/wp-content\/uploads\/2025\/09\/107386753_1168472850187073_6272108758051611034_n-1.webp 1280w, https:\/\/rcl.pt\/wp-content\/uploads\/2025\/09\/107386753_1168472850187073_6272108758051611034_n-1-300x169.webp 300w, https:\/\/rcl.pt\/wp-content\/uploads\/2025\/09\/107386753_1168472850187073_6272108758051611034_n-1-1024x576.webp 1024w, https:\/\/rcl.pt\/wp-content\/uploads\/2025\/09\/107386753_1168472850187073_6272108758051611034_n-1-768x432.webp 768w\" sizes=\"(max-width: 1280px) 100vw, 1280px\" \/><\/a>\n\t\t\t<\/div><\/figure><figure class='gallery-item'>\n\t\t\t<div class='gallery-icon landscape'>\n\t\t\t\t<a data-elementor-open-lightbox=\"yes\" data-elementor-lightbox-slideshow=\"5e4f55b1\" data-elementor-lightbox-title=\"IMG-20200223-WA0000\" data-e-action-hash=\"#elementor-action%3Aaction%3Dlightbox%26settings%3DeyJpZCI6MTI0NiwidXJsIjoiaHR0cHM6XC9cL3JjbC5wdFwvd3AtY29udGVudFwvdXBsb2Fkc1wvMjAyNVwvMDlcL0lNRy0yMDIwMDIyMy1XQTAwMDAud2VicCIsInNsaWRlc2hvdyI6IjVlNGY1NWIxIn0%3D\" href='https:\/\/rcl.pt\/wp-content\/uploads\/2025\/09\/IMG-20200223-WA0000.webp'><img loading=\"lazy\" decoding=\"async\" width=\"1280\" height=\"606\" src=\"https:\/\/rcl.pt\/wp-content\/uploads\/2025\/09\/IMG-20200223-WA0000.webp\" class=\"attachment-full size-full\" alt=\"\" srcset=\"https:\/\/rcl.pt\/wp-content\/uploads\/2025\/09\/IMG-20200223-WA0000.webp 1280w, https:\/\/rcl.pt\/wp-content\/uploads\/2025\/09\/IMG-20200223-WA0000-300x142.webp 300w, https:\/\/rcl.pt\/wp-content\/uploads\/2025\/09\/IMG-20200223-WA0000-1024x485.webp 1024w, https:\/\/rcl.pt\/wp-content\/uploads\/2025\/09\/IMG-20200223-WA0000-768x364.webp 768w\" sizes=\"(max-width: 1280px) 100vw, 1280px\" \/><\/a>\n\t\t\t<\/div><\/figure><figure class='gallery-item'>\n\t\t\t<div class='gallery-icon portrait'>\n\t\t\t\t<a data-elementor-open-lightbox=\"yes\" data-elementor-lightbox-slideshow=\"5e4f55b1\" data-elementor-lightbox-title=\"IMG_20180430_112505\" data-e-action-hash=\"#elementor-action%3Aaction%3Dlightbox%26settings%3DeyJpZCI6MTI0NCwidXJsIjoiaHR0cHM6XC9cL3JjbC5wdFwvd3AtY29udGVudFwvdXBsb2Fkc1wvMjAyNVwvMDlcL0lNR18yMDE4MDQzMF8xMTI1MDUud2VicCIsInNsaWRlc2hvdyI6IjVlNGY1NWIxIn0%3D\" href='https:\/\/rcl.pt\/wp-content\/uploads\/2025\/09\/IMG_20180430_112505.webp'><img loading=\"lazy\" decoding=\"async\" width=\"1149\" height=\"1536\" src=\"https:\/\/rcl.pt\/wp-content\/uploads\/2025\/09\/IMG_20180430_112505.webp\" class=\"attachment-full size-full\" alt=\"\" srcset=\"https:\/\/rcl.pt\/wp-content\/uploads\/2025\/09\/IMG_20180430_112505.webp 1149w, https:\/\/rcl.pt\/wp-content\/uploads\/2025\/09\/IMG_20180430_112505-224x300.webp 224w, https:\/\/rcl.pt\/wp-content\/uploads\/2025\/09\/IMG_20180430_112505-766x1024.webp 766w, https:\/\/rcl.pt\/wp-content\/uploads\/2025\/09\/IMG_20180430_112505-768x1027.webp 768w\" sizes=\"(max-width: 1149px) 100vw, 1149px\" \/><\/a>\n\t\t\t<\/div><\/figure>\n\t\t<\/div>\n\t\t<\/div>\n\t\t\t\t\t\t<\/div>\n\t\t\t\t<\/div>\n\t\t\t\t\t<\/div>\n\t\t\t\t<\/div>\n\t\t\t\t<\/div>\n\t\t","protected":false},"excerpt":{"rendered":"<p>Irriga\u00e7\u00e3o de campo de arroz Sistema de bombagem solar h\u00edbrido projetado para a irriga\u00e7\u00e3o de campos de arroz nas Filipinas. Cliente Projeto local de irriga\u00e7\u00e3o agr\u00edcola Completo 2022 Local Filipinas Tecnologia Bombagem submers\u00edvel + sistema solar h\u00edbrido Descri\u00e7\u00e3o do projeto Instala\u00e7\u00e3o de um sistema de bombagem solar h\u00edbrido desenvolvido para garantir a irriga\u00e7\u00e3o eficiente de [&hellip;]<\/p>\n","protected":false},"author":1,"featured_media":0,"parent":0,"menu_order":0,"comment_status":"closed","ping_status":"closed","template":"elementor_header_footer","meta":{"footnotes":""},"class_list":["post-1236","page","type-page","status-publish","hentry"],"_links":{"self":[{"href":"https:\/\/rcl.pt\/en\/wp-json\/wp\/v2\/pages\/1236","targetHints":{"allow":["GET"]}}],"collection":[{"href":"https:\/\/rcl.pt\/en\/wp-json\/wp\/v2\/pages"}],"about":[{"href":"https:\/\/rcl.pt\/en\/wp-json\/wp\/v2\/types\/page"}],"author":[{"embeddable":true,"href":"https:\/\/rcl.pt\/en\/wp-json\/wp\/v2\/users\/1"}],"replies":[{"embeddable":true,"href":"https:\/\/rcl.pt\/en\/wp-json\/wp\/v2\/comments?post=1236"}],"version-history":[{"count":14,"href":"https:\/\/rcl.pt\/en\/wp-json\/wp\/v2\/pages\/1236\/revisions"}],"predecessor-version":[{"id":1485,"href":"https:\/\/rcl.pt\/en\/wp-json\/wp\/v2\/pages\/1236\/revisions\/1485"}],"wp:attachment":[{"href":"https:\/\/rcl.pt\/en\/wp-json\/wp\/v2\/media?parent=1236"}],"curies":[{"name":"wp","href":"https:\/\/api.w.org\/{rel}","templated":true}]}}