{"id":1219,"date":"2025-09-09T21:22:16","date_gmt":"2025-09-09T21:22:16","guid":{"rendered":"http:\/\/test.rcl.pt\/?page_id=1219"},"modified":"2025-09-15T16:30:38","modified_gmt":"2025-09-15T16:30:38","slug":"wps-helios-gd-cp","status":"publish","type":"page","link":"https:\/\/rcl.pt\/en\/wps-helios-gd-cp\/","title":{"rendered":"WPS HELIOS-GD-CP"},"content":{"rendered":"\t\t<div data-elementor-type=\"wp-page\" data-elementor-id=\"1219\" class=\"elementor elementor-1219\" data-elementor-post-type=\"page\">\n\t\t\t\t<div class=\"elementor-element elementor-element-1b57e4c1 e-con-full e-flex e-con e-parent\" data-id=\"1b57e4c1\" data-element_type=\"container\" data-e-type=\"container\" data-settings=\"{&quot;background_background&quot;:&quot;gradient&quot;,&quot;background_motion_fx_motion_fx_scrolling&quot;:&quot;yes&quot;,&quot;background_motion_fx_translateX_effect&quot;:&quot;yes&quot;,&quot;background_motion_fx_translateX_speed&quot;:{&quot;unit&quot;:&quot;px&quot;,&quot;size&quot;:6.5,&quot;sizes&quot;:[]},&quot;background_motion_fx_translateX_affectedRange&quot;:{&quot;unit&quot;:&quot;%&quot;,&quot;size&quot;:&quot;&quot;,&quot;sizes&quot;:{&quot;start&quot;:0,&quot;end&quot;:100}},&quot;background_motion_fx_devices&quot;:[&quot;desktop&quot;,&quot;laptop&quot;,&quot;tablet&quot;,&quot;mobile&quot;]}\">\n\t\t<div class=\"elementor-element elementor-element-23e08380 e-flex e-con-boxed elementor-invisible e-con e-child\" data-id=\"23e08380\" data-element_type=\"container\" data-e-type=\"container\" data-settings=\"{&quot;animation&quot;:&quot;slideInUp&quot;,&quot;animation_delay&quot;:150}\">\n\t\t\t\t\t<div class=\"e-con-inner\">\n\t\t\t\t<div class=\"elementor-element elementor-element-5fac7fd4 elementor-widget__width-initial elementor-widget elementor-widget-elementskit-heading\" data-id=\"5fac7fd4\" data-element_type=\"widget\" data-e-type=\"widget\" data-widget_type=\"elementskit-heading.default\">\n\t\t\t\t\t<div class=\"ekit-wid-con\" ><div class=\"ekit-heading elementskit-section-title-wraper text_left   ekit_heading_tablet-   ekit_heading_mobile-\"><h2 class=\"ekit-heading--title elementskit-section-title text_fill\">WPS HELIOS-GD-CP<\/h2>\t\t\t\t<div class='ekit-heading__description'>\n\t\t\t\t\t<p><span style=\"font-weight: 400\">Sistema de bombagem solar h\u00edbrido autom\u00e1tico (WPS HELIOS-GD-CP) para irriga\u00e7\u00e3o a press\u00e3o constante instalado em Fran\u00e7a. <\/span><\/p>\n\t\t\t\t<\/div>\n\t\t\t<\/div><\/div>\t\t\t\t<\/div>\n\t\t\t\t\t<\/div>\n\t\t\t\t<\/div>\n\t\t\t\t<\/div>\n\t\t<div class=\"elementor-element elementor-element-cacc875 e-flex e-con-boxed e-con e-parent\" data-id=\"cacc875\" data-element_type=\"container\" data-e-type=\"container\">\n\t\t\t\t\t<div class=\"e-con-inner\">\n\t\t<div class=\"elementor-element elementor-element-58e0360a e-con-full e-flex e-con e-child\" data-id=\"58e0360a\" data-element_type=\"container\" data-e-type=\"container\">\n\t\t\t\t<div class=\"elementor-element elementor-element-5c7040a5 elementor-widget elementor-widget-elementskit-heading\" data-id=\"5c7040a5\" data-element_type=\"widget\" data-e-type=\"widget\" data-widget_type=\"elementskit-heading.default\">\n\t\t\t\t\t<div class=\"ekit-wid-con\" ><div class=\"ekit-heading elementskit-section-title-wraper text_left   ekit_heading_tablet-   ekit_heading_mobile-\"><h2 class=\"ekit-heading--title elementskit-section-title \"> <span><span>Completo<\/span><\/span><\/h2><h3 class=\"ekit-heading--subtitle elementskit-section-subtitle  \">\n\t\t\t\t\t\t2024\n\t\t\t\t\t<\/h3><\/div><\/div>\t\t\t\t<\/div>\n\t\t\t\t<\/div>\n\t\t<div class=\"elementor-element elementor-element-6372ee60 e-con-full e-flex e-con e-child\" data-id=\"6372ee60\" data-element_type=\"container\" data-e-type=\"container\">\n\t\t\t\t<div class=\"elementor-element elementor-element-5f60e75c elementor-widget elementor-widget-elementskit-heading\" data-id=\"5f60e75c\" data-element_type=\"widget\" data-e-type=\"widget\" data-widget_type=\"elementskit-heading.default\">\n\t\t\t\t\t<div class=\"ekit-wid-con\" ><div class=\"ekit-heading elementskit-section-title-wraper text_left   ekit_heading_tablet-   ekit_heading_mobile-\"><h2 class=\"ekit-heading--title elementskit-section-title \"> <span><span>Fran\u00e7a<\/span><\/span><\/h2><h3 class=\"ekit-heading--subtitle elementskit-section-subtitle  \">\n\t\t\t\t\t\tSud\u00e3o\n\t\t\t\t\t<\/h3><\/div><\/div>\t\t\t\t<\/div>\n\t\t\t\t<\/div>\n\t\t<div class=\"elementor-element elementor-element-2eb6571f e-con-full e-flex e-con e-child\" data-id=\"2eb6571f\" data-element_type=\"container\" data-e-type=\"container\">\n\t\t\t\t<div class=\"elementor-element elementor-element-7bf30f0d elementor-widget elementor-widget-elementskit-heading\" data-id=\"7bf30f0d\" data-element_type=\"widget\" data-e-type=\"widget\" data-widget_type=\"elementskit-heading.default\">\n\t\t\t\t\t<div class=\"ekit-wid-con\" ><div class=\"ekit-heading elementskit-section-title-wraper text_left   ekit_heading_tablet-   ekit_heading_mobile-\"><a href=\"#\"><h2 class=\"ekit-heading--title elementskit-section-title \"> <span><span>Tecnologia<\/span><\/span><\/h2><\/a><h3 class=\"ekit-heading--subtitle elementskit-section-subtitle  \">\n\t\t\t\t\t\tSistema de bombagem solar h\u00edbrido autom\u00e1tico (WPS HELIOS-GD-CP)\n\t\t\t\t\t<\/h3><\/div><\/div>\t\t\t\t<\/div>\n\t\t\t\t<\/div>\n\t\t\t\t\t<\/div>\n\t\t\t\t<\/div>\n\t\t<div class=\"elementor-element elementor-element-246eee7a e-flex e-con-boxed e-con e-parent\" data-id=\"246eee7a\" data-element_type=\"container\" data-e-type=\"container\">\n\t\t\t\t\t<div class=\"e-con-inner\">\n\t\t<div class=\"elementor-element elementor-element-6d41e04c e-con-full e-flex e-con e-child\" data-id=\"6d41e04c\" data-element_type=\"container\" data-e-type=\"container\">\n\t\t\t\t<div class=\"elementor-element elementor-element-3e26247 elementor-widget elementor-widget-elementskit-heading\" data-id=\"3e26247\" data-element_type=\"widget\" data-e-type=\"widget\" data-widget_type=\"elementskit-heading.default\">\n\t\t\t\t\t<div class=\"ekit-wid-con\" ><div class=\"ekit-heading elementskit-section-title-wraper text_left   ekit_heading_tablet-   ekit_heading_mobile-\"><h2 class=\"ekit-heading--title elementskit-section-title text_fill\"><span><span>Descri\u00e7\u00e3o<\/span><\/span> do projeto<\/h2><\/div><\/div>\t\t\t\t<\/div>\n\t\t\t\t<div class=\"elementor-element elementor-element-1159c010 elementor-widget elementor-widget-text-editor\" data-id=\"1159c010\" data-element_type=\"widget\" data-e-type=\"widget\" data-widget_type=\"text-editor.default\">\n\t\t\t\t\t\t\t\t\t<p class=\"p1\">O projeto <span class=\"s1\"><b>WPS HELIOS-GD-CP<\/b><\/span> desenvolvido em parceria com a <span class=\"s1\"><b>DISPRO<\/b><\/span> consistiu na instala\u00e7\u00e3o de um sistema de <span class=\"s1\"><b>bombagem solar h\u00edbrido autom\u00e1tico<\/b><\/span>, concebido para irriga\u00e7\u00e3o agr\u00edcola em Fran\u00e7a.<\/p><p class=\"p1\">Este sistema assegura uma <span class=\"s1\"><b>press\u00e3o constante<\/b><\/span>, fator cr\u00edtico para uma irriga\u00e7\u00e3o eficiente e uniforme em terrenos agr\u00edcolas de maior dimens\u00e3o.<\/p><p class=\"p1\">A solu\u00e7\u00e3o integra um <span class=\"s1\"><b>controlador inteligente<\/b><\/span> que monitoriza em tempo real a pot\u00eancia solar dispon\u00edvel. Sempre que a energia solar n\u00e3o \u00e9 suficiente para manter a bomba no ponto de funcionamento ideal, o controlador aciona automaticamente a <span class=\"s1\"><b>rede el\u00e9trica<\/b><\/span>, garantindo continuidade no abastecimento e evitando perdas de efici\u00eancia.<\/p><p class=\"p1\">Com esta tecnologia, agricultores beneficiam de uma irriga\u00e7\u00e3o sustent\u00e1vel, aut\u00f3noma e com custos energ\u00e9ticos reduzidos, sem comprometer a fiabilidade.<\/p>\t\t\t\t\t\t\t\t<\/div>\n\t\t\t\t<\/div>\n\t\t<div class=\"elementor-element elementor-element-e20a121 e-con-full e-flex e-con e-child\" data-id=\"e20a121\" data-element_type=\"container\" data-e-type=\"container\">\n\t\t\t\t<div class=\"elementor-element elementor-element-e49d41c elementor-widget elementor-widget-elementskit-heading\" data-id=\"e49d41c\" data-element_type=\"widget\" data-e-type=\"widget\" data-widget_type=\"elementskit-heading.default\">\n\t\t\t\t\t<div class=\"ekit-wid-con\" ><div class=\"ekit-heading elementskit-section-title-wraper text_left   ekit_heading_tablet-   ekit_heading_mobile-\"><h2 class=\"ekit-heading--title elementskit-section-title text_fill\">Resultados <span><span>alcan\u00e7ados<\/span><\/span>:<\/h2><\/div><\/div>\t\t\t\t<\/div>\n\t\t\t\t<div class=\"elementor-element elementor-element-9e60b93 elementor-widget elementor-widget-text-editor\" data-id=\"9e60b93\" data-element_type=\"widget\" data-e-type=\"widget\" data-widget_type=\"text-editor.default\">\n\t\t\t\t\t\t\t\t\t<ul><li><p class=\"p1\">Opera\u00e7\u00e3o com energia solar como fonte priorit\u00e1ria.<\/p><\/li><li><p class=\"p1\">Press\u00e3o constante em todas as fases de irriga\u00e7\u00e3o, garantindo efici\u00eancia e uniformidade.<\/p><\/li><li><p class=\"p1\">Mudan\u00e7a autom\u00e1tica para rede el\u00e9trica em per\u00edodos de baixa radia\u00e7\u00e3o solar.<\/p><\/li><li><p class=\"p1\">Redu\u00e7\u00e3o significativa de custos energ\u00e9ticos face a sistemas convencionais.<\/p><\/li><li><p class=\"p1\">Elevada fiabilidade e baixo n\u00edvel de manuten\u00e7\u00e3o, mesmo em uso intensivo.<\/p><\/li><\/ul>\t\t\t\t\t\t\t\t<\/div>\n\t\t\t\t<\/div>\n\t\t<div class=\"elementor-element elementor-element-12a8665b e-con-full e-flex e-con e-child\" data-id=\"12a8665b\" data-element_type=\"container\" data-e-type=\"container\">\n\t\t\t\t<div class=\"elementor-element elementor-element-5e4f55b1 gallery-spacing-custom elementor-widget elementor-widget-image-gallery\" data-id=\"5e4f55b1\" data-element_type=\"widget\" data-e-type=\"widget\" data-widget_type=\"image-gallery.default\">\n\t\t\t\t\t\t\t<div class=\"elementor-image-gallery\">\n\t\t\t<div id='gallery-1' class='gallery galleryid-1219 gallery-columns-2 gallery-size-full'><figure class='gallery-item'>\n\t\t\t<div class='gallery-icon landscape'>\n\t\t\t\t<a data-elementor-open-lightbox=\"yes\" data-elementor-lightbox-slideshow=\"5e4f55b1\" data-elementor-lightbox-title=\"IMG_20250507_105320\" data-e-action-hash=\"#elementor-action%3Aaction%3Dlightbox%26settings%3DeyJpZCI6MTIyNywidXJsIjoiaHR0cHM6XC9cL3JjbC5wdFwvd3AtY29udGVudFwvdXBsb2Fkc1wvMjAyNVwvMDlcL0lNR18yMDI1MDUwN18xMDUzMjAud2VicCIsInNsaWRlc2hvdyI6IjVlNGY1NWIxIn0%3D\" href='https:\/\/rcl.pt\/wp-content\/uploads\/2025\/09\/IMG_20250507_105320.webp'><img fetchpriority=\"high\" decoding=\"async\" width=\"1536\" height=\"709\" src=\"https:\/\/rcl.pt\/wp-content\/uploads\/2025\/09\/IMG_20250507_105320.webp\" class=\"attachment-full size-full\" alt=\"\" srcset=\"https:\/\/rcl.pt\/wp-content\/uploads\/2025\/09\/IMG_20250507_105320.webp 1536w, https:\/\/rcl.pt\/wp-content\/uploads\/2025\/09\/IMG_20250507_105320-300x138.webp 300w, https:\/\/rcl.pt\/wp-content\/uploads\/2025\/09\/IMG_20250507_105320-1024x473.webp 1024w, https:\/\/rcl.pt\/wp-content\/uploads\/2025\/09\/IMG_20250507_105320-768x355.webp 768w\" sizes=\"(max-width: 1536px) 100vw, 1536px\" \/><\/a>\n\t\t\t<\/div><\/figure><figure class='gallery-item'>\n\t\t\t<div class='gallery-icon landscape'>\n\t\t\t\t<a data-elementor-open-lightbox=\"yes\" data-elementor-lightbox-slideshow=\"5e4f55b1\" data-elementor-lightbox-title=\"IMG_20250507_105326\" data-e-action-hash=\"#elementor-action%3Aaction%3Dlightbox%26settings%3DeyJpZCI6MTIyOCwidXJsIjoiaHR0cHM6XC9cL3JjbC5wdFwvd3AtY29udGVudFwvdXBsb2Fkc1wvMjAyNVwvMDlcL0lNR18yMDI1MDUwN18xMDUzMjYud2VicCIsInNsaWRlc2hvdyI6IjVlNGY1NWIxIn0%3D\" href='https:\/\/rcl.pt\/wp-content\/uploads\/2025\/09\/IMG_20250507_105326.webp'><img decoding=\"async\" width=\"1536\" height=\"709\" src=\"https:\/\/rcl.pt\/wp-content\/uploads\/2025\/09\/IMG_20250507_105326.webp\" class=\"attachment-full size-full\" alt=\"\" srcset=\"https:\/\/rcl.pt\/wp-content\/uploads\/2025\/09\/IMG_20250507_105326.webp 1536w, https:\/\/rcl.pt\/wp-content\/uploads\/2025\/09\/IMG_20250507_105326-300x138.webp 300w, https:\/\/rcl.pt\/wp-content\/uploads\/2025\/09\/IMG_20250507_105326-1024x473.webp 1024w, https:\/\/rcl.pt\/wp-content\/uploads\/2025\/09\/IMG_20250507_105326-768x355.webp 768w\" sizes=\"(max-width: 1536px) 100vw, 1536px\" \/><\/a>\n\t\t\t<\/div><\/figure><figure class='gallery-item'>\n\t\t\t<div class='gallery-icon portrait'>\n\t\t\t\t<a data-elementor-open-lightbox=\"yes\" data-elementor-lightbox-slideshow=\"5e4f55b1\" data-elementor-lightbox-title=\"IMG_20250507_105504\" data-e-action-hash=\"#elementor-action%3Aaction%3Dlightbox%26settings%3DeyJpZCI6MTIyOSwidXJsIjoiaHR0cHM6XC9cL3JjbC5wdFwvd3AtY29udGVudFwvdXBsb2Fkc1wvMjAyNVwvMDlcL0lNR18yMDI1MDUwN18xMDU1MDQud2VicCIsInNsaWRlc2hvdyI6IjVlNGY1NWIxIn0%3D\" href='https:\/\/rcl.pt\/wp-content\/uploads\/2025\/09\/IMG_20250507_105504.webp'><img decoding=\"async\" width=\"709\" height=\"1536\" src=\"https:\/\/rcl.pt\/wp-content\/uploads\/2025\/09\/IMG_20250507_105504.webp\" class=\"attachment-full size-full\" alt=\"\" srcset=\"https:\/\/rcl.pt\/wp-content\/uploads\/2025\/09\/IMG_20250507_105504.webp 709w, https:\/\/rcl.pt\/wp-content\/uploads\/2025\/09\/IMG_20250507_105504-138x300.webp 138w, https:\/\/rcl.pt\/wp-content\/uploads\/2025\/09\/IMG_20250507_105504-473x1024.webp 473w\" sizes=\"(max-width: 709px) 100vw, 709px\" \/><\/a>\n\t\t\t<\/div><\/figure><figure class='gallery-item'>\n\t\t\t<div class='gallery-icon portrait'>\n\t\t\t\t<a data-elementor-open-lightbox=\"yes\" data-elementor-lightbox-slideshow=\"5e4f55b1\" data-elementor-lightbox-title=\"IMG_20250507_112313\" data-e-action-hash=\"#elementor-action%3Aaction%3Dlightbox%26settings%3DeyJpZCI6MTIzMCwidXJsIjoiaHR0cHM6XC9cL3JjbC5wdFwvd3AtY29udGVudFwvdXBsb2Fkc1wvMjAyNVwvMDlcL0lNR18yMDI1MDUwN18xMTIzMTMud2VicCIsInNsaWRlc2hvdyI6IjVlNGY1NWIxIn0%3D\" href='https:\/\/rcl.pt\/wp-content\/uploads\/2025\/09\/IMG_20250507_112313.webp'><img loading=\"lazy\" decoding=\"async\" width=\"709\" height=\"1536\" src=\"https:\/\/rcl.pt\/wp-content\/uploads\/2025\/09\/IMG_20250507_112313.webp\" class=\"attachment-full size-full\" alt=\"\" srcset=\"https:\/\/rcl.pt\/wp-content\/uploads\/2025\/09\/IMG_20250507_112313.webp 709w, https:\/\/rcl.pt\/wp-content\/uploads\/2025\/09\/IMG_20250507_112313-138x300.webp 138w, https:\/\/rcl.pt\/wp-content\/uploads\/2025\/09\/IMG_20250507_112313-473x1024.webp 473w\" sizes=\"(max-width: 709px) 100vw, 709px\" \/><\/a>\n\t\t\t<\/div><\/figure><figure class='gallery-item'>\n\t\t\t<div class='gallery-icon landscape'>\n\t\t\t\t<a data-elementor-open-lightbox=\"yes\" data-elementor-lightbox-slideshow=\"5e4f55b1\" data-elementor-lightbox-title=\"IMG_20250507_112329\" data-e-action-hash=\"#elementor-action%3Aaction%3Dlightbox%26settings%3DeyJpZCI6MTIzMSwidXJsIjoiaHR0cHM6XC9cL3JjbC5wdFwvd3AtY29udGVudFwvdXBsb2Fkc1wvMjAyNVwvMDlcL0lNR18yMDI1MDUwN18xMTIzMjkud2VicCIsInNsaWRlc2hvdyI6IjVlNGY1NWIxIn0%3D\" href='https:\/\/rcl.pt\/wp-content\/uploads\/2025\/09\/IMG_20250507_112329.webp'><img loading=\"lazy\" decoding=\"async\" width=\"1536\" height=\"709\" src=\"https:\/\/rcl.pt\/wp-content\/uploads\/2025\/09\/IMG_20250507_112329.webp\" class=\"attachment-full size-full\" alt=\"\" srcset=\"https:\/\/rcl.pt\/wp-content\/uploads\/2025\/09\/IMG_20250507_112329.webp 1536w, https:\/\/rcl.pt\/wp-content\/uploads\/2025\/09\/IMG_20250507_112329-300x138.webp 300w, https:\/\/rcl.pt\/wp-content\/uploads\/2025\/09\/IMG_20250507_112329-1024x473.webp 1024w, https:\/\/rcl.pt\/wp-content\/uploads\/2025\/09\/IMG_20250507_112329-768x355.webp 768w\" sizes=\"(max-width: 1536px) 100vw, 1536px\" \/><\/a>\n\t\t\t<\/div><\/figure><figure class='gallery-item'>\n\t\t\t<div class='gallery-icon portrait'>\n\t\t\t\t<a data-elementor-open-lightbox=\"yes\" data-elementor-lightbox-slideshow=\"5e4f55b1\" data-elementor-lightbox-title=\"IMG_20250507_152239\" data-e-action-hash=\"#elementor-action%3Aaction%3Dlightbox%26settings%3DeyJpZCI6MTIzMiwidXJsIjoiaHR0cHM6XC9cL3JjbC5wdFwvd3AtY29udGVudFwvdXBsb2Fkc1wvMjAyNVwvMDlcL0lNR18yMDI1MDUwN18xNTIyMzkud2VicCIsInNsaWRlc2hvdyI6IjVlNGY1NWIxIn0%3D\" href='https:\/\/rcl.pt\/wp-content\/uploads\/2025\/09\/IMG_20250507_152239.webp'><img loading=\"lazy\" decoding=\"async\" width=\"709\" height=\"1536\" src=\"https:\/\/rcl.pt\/wp-content\/uploads\/2025\/09\/IMG_20250507_152239.webp\" class=\"attachment-full size-full\" alt=\"\" srcset=\"https:\/\/rcl.pt\/wp-content\/uploads\/2025\/09\/IMG_20250507_152239.webp 709w, https:\/\/rcl.pt\/wp-content\/uploads\/2025\/09\/IMG_20250507_152239-138x300.webp 138w, https:\/\/rcl.pt\/wp-content\/uploads\/2025\/09\/IMG_20250507_152239-473x1024.webp 473w\" sizes=\"(max-width: 709px) 100vw, 709px\" \/><\/a>\n\t\t\t<\/div><\/figure>\n\t\t<\/div>\n\t\t<\/div>\n\t\t\t\t\t\t<\/div>\n\t\t\t\t<\/div>\n\t\t\t\t\t<\/div>\n\t\t\t\t<\/div>\n\t\t\t\t<\/div>\n\t\t","protected":false},"excerpt":{"rendered":"<p>WPS HELIOS-GD-CP Sistema de bombagem solar h\u00edbrido autom\u00e1tico (WPS HELIOS-GD-CP) para irriga\u00e7\u00e3o a press\u00e3o constante instalado em Fran\u00e7a. Completo 2024 Fran\u00e7a Sud\u00e3o Tecnologia Sistema de bombagem solar h\u00edbrido autom\u00e1tico (WPS HELIOS-GD-CP) Descri\u00e7\u00e3o do projeto O projeto WPS HELIOS-GD-CP desenvolvido em parceria com a DISPRO consistiu na instala\u00e7\u00e3o de um sistema de bombagem solar h\u00edbrido autom\u00e1tico, [&hellip;]<\/p>\n","protected":false},"author":1,"featured_media":0,"parent":0,"menu_order":0,"comment_status":"closed","ping_status":"closed","template":"elementor_header_footer","meta":{"footnotes":""},"class_list":["post-1219","page","type-page","status-publish","hentry"],"_links":{"self":[{"href":"https:\/\/rcl.pt\/en\/wp-json\/wp\/v2\/pages\/1219","targetHints":{"allow":["GET"]}}],"collection":[{"href":"https:\/\/rcl.pt\/en\/wp-json\/wp\/v2\/pages"}],"about":[{"href":"https:\/\/rcl.pt\/en\/wp-json\/wp\/v2\/types\/page"}],"author":[{"embeddable":true,"href":"https:\/\/rcl.pt\/en\/wp-json\/wp\/v2\/users\/1"}],"replies":[{"embeddable":true,"href":"https:\/\/rcl.pt\/en\/wp-json\/wp\/v2\/comments?post=1219"}],"version-history":[{"count":11,"href":"https:\/\/rcl.pt\/en\/wp-json\/wp\/v2\/pages\/1219\/revisions"}],"predecessor-version":[{"id":1407,"href":"https:\/\/rcl.pt\/en\/wp-json\/wp\/v2\/pages\/1219\/revisions\/1407"}],"wp:attachment":[{"href":"https:\/\/rcl.pt\/en\/wp-json\/wp\/v2\/media?parent=1219"}],"curies":[{"name":"wp","href":"https:\/\/api.w.org\/{rel}","templated":true}]}}